{"id":10206,"date":"2022-01-16T17:20:56","date_gmt":"2022-01-16T17:20:56","guid":{"rendered":"https:\/\/monaco-villas.fr\/dans-super-cannes\/"},"modified":"2023-11-02T15:47:25","modified_gmt":"2023-11-02T15:47:25","slug":"dans-super-cannes","status":"publish","type":"page","link":"https:\/\/monaco-villas.fr\/fr\/dans-super-cannes\/","title":{"rendered":"Dans Super Cannes"},"content":{"rendered":"\t\t<div data-elementor-type=\"wp-page\" data-elementor-id=\"10206\" class=\"elementor elementor-10206\" data-elementor-post-type=\"page\">\n\t\t\t\t\t\t<section class=\"elementor-section elementor-top-section elementor-element elementor-element-7775676 elementor-section-height-min-height elementor-section-boxed elementor-section-height-default elementor-section-items-middle\" data-id=\"7775676\" data-element_type=\"section\" data-settings=\"{&quot;background_background&quot;:&quot;classic&quot;}\">\n\t\t\t\t\t\t<div class=\"elementor-container elementor-column-gap-default\">\n\t\t\t\t\t<div class=\"elementor-column elementor-col-100 elementor-top-column elementor-element elementor-element-9cb90af\" data-id=\"9cb90af\" data-element_type=\"column\">\n\t\t\t<div class=\"elementor-widget-wrap elementor-element-populated\">\n\t\t\t\t\t\t<div class=\"elementor-element elementor-element-bc06590 elementor-widget elementor-widget-heading\" data-id=\"bc06590\" data-element_type=\"widget\" data-widget_type=\"heading.default\">\n\t\t\t\t<div class=\"elementor-widget-container\">\n\t\t\t\t\t<h2 class=\"elementor-heading-title elementor-size-default\">Locations \u00e0 Super Cannes<\/h2>\t\t\t\t<\/div>\n\t\t\t\t<\/div>\n\t\t\t\t\t<\/div>\n\t\t<\/div>\n\t\t\t\t\t<\/div>\n\t\t<\/section>\n\t\t\t\t<section class=\"elementor-section elementor-top-section elementor-element elementor-element-9da68ef elementor-section-boxed elementor-section-height-default elementor-section-height-default\" data-id=\"9da68ef\" data-element_type=\"section\">\n\t\t\t\t\t\t<div class=\"elementor-container elementor-column-gap-default\">\n\t\t\t\t\t<div class=\"elementor-column elementor-col-100 elementor-top-column elementor-element elementor-element-6726422\" data-id=\"6726422\" data-element_type=\"column\">\n\t\t\t<div class=\"elementor-widget-wrap elementor-element-populated\">\n\t\t\t\t\t\t<div class=\"elementor-element elementor-element-61f4c80 elementor-widget elementor-widget-heading\" data-id=\"61f4c80\" data-element_type=\"widget\" data-widget_type=\"heading.default\">\n\t\t\t\t<div class=\"elementor-widget-container\">\n\t\t\t\t\t<h1 class=\"elementor-heading-title elementor-size-default\">Location de villas \u00e0 SUPER CANNES<\/h1>\t\t\t\t<\/div>\n\t\t\t\t<\/div>\n\t\t\t\t<div class=\"elementor-element elementor-element-f341bd7 elementor-widget elementor-widget-text-editor\" data-id=\"f341bd7\" data-element_type=\"widget\" data-widget_type=\"text-editor.default\">\n\t\t\t\t<div class=\"elementor-widget-container\">\n\t\t\t\t\t\t\t\t\t<p>Super Cannes est l&rsquo;un des quartiers les plus demand\u00e9s du sud de la France, avec seulement quelques villas s\u00e9lectionn\u00e9es. Sa situation prestigieuse offre une vue imprenable sur la M\u00e9diterran\u00e9e, du Cap d&rsquo;Antibes au Massif de l&rsquo;Est\u00e9rel. \u00c0 deux pas du Palm Beach et de la Croisette, vous profiterez pleinement de vos vacances dans un cadre incroyablement luxueux. Super Cannes, un quartier r\u00e9sidentiel exclusif perch\u00e9 sur les collines au-dessus de Cannes, est c\u00e9l\u00e8bre pour ses locations de villas luxueuses qui promettent une exp\u00e9rience extraordinaire d&rsquo;opulence et de tranquillit\u00e9. Surplombant la M\u00e9diterran\u00e9e \u00e9tincelante et la Croisette anim\u00e9e, ces villas sont un m\u00e9lange harmonieux d&rsquo;\u00e9l\u00e9gance isol\u00e9e et de proximit\u00e9 avec l&rsquo;effervescence culturelle de Cannes. Les propri\u00e9t\u00e9s de Super Cannes sont m\u00e9ticuleusement con\u00e7ues, avec des int\u00e9rieurs somptueux, des \u00e9quipements de pointe et des vues \u00e0 couper le souffle. Qu&rsquo;il s&rsquo;agisse d&rsquo;une merveille architecturale contemporaine ou d&rsquo;un domaine proven\u00e7al classique, chaque location de villa offre un charme unique. Avec des services personnalis\u00e9s et une ambiance de luxe raffin\u00e9, les locations de villas Super Cannes t\u00e9moignent de l&rsquo;allure intemporelle de la Riviera, offrant \u00e0 leurs h\u00f4tes un s\u00e9jour sans pareil dans la s\u00e9r\u00e9nit\u00e9 et la grandeur.<\/p>\n\t\t\t\t\t\t\t\t<\/div>\n\t\t\t\t<\/div>\n\t\t\t\t\t<\/div>\n\t\t<\/div>\n\t\t\t\t\t<\/div>\n\t\t<\/section>\n\t\t\t\t<section class=\"elementor-section elementor-top-section elementor-element elementor-element-70decb7 elementor-section-boxed elementor-section-height-default elementor-section-height-default\" data-id=\"70decb7\" data-element_type=\"section\">\n\t\t\t\t\t\t<div class=\"elementor-container elementor-column-gap-default\">\n\t\t\t\t\t<div class=\"elementor-column elementor-col-100 elementor-top-column elementor-element elementor-element-8a6d6c1\" data-id=\"8a6d6c1\" data-element_type=\"column\">\n\t\t\t<div class=\"elementor-widget-wrap elementor-element-populated\">\n\t\t\t\t\t\t<div class=\"elementor-element elementor-element-f5b93a2 elementor-widget elementor-widget-heading\" data-id=\"f5b93a2\" data-element_type=\"widget\" data-widget_type=\"heading.default\">\n\t\t\t\t<div class=\"elementor-widget-container\">\n\t\t\t\t\t<h3 class=\"elementor-heading-title elementor-size-default\">Villas \u00e0 louer \u00e0 Super Cannes<\/h3>\t\t\t\t<\/div>\n\t\t\t\t<\/div>\n\t\t\t\t<div class=\"elementor-element elementor-element-1341b27 elementor-widget elementor-widget-text-editor\" data-id=\"1341b27\" data-element_type=\"widget\" data-widget_type=\"text-editor.default\">\n\t\t\t\t<div class=\"elementor-widget-container\">\n\t\t\t\t\t\t\t\t\t<p>Parcourez notre s\u00e9lection des meilleures villas de luxe \u00e0 Super Cannes :<\/p>\n\t\t\t\t\t\t\t\t<\/div>\n\t\t\t\t<\/div>\n\t\t\t\t<div class=\"elementor-element elementor-element-99103da elementor-posts--align-center elementor-grid-3 elementor-grid-tablet-2 elementor-grid-mobile-1 elementor-posts--thumbnail-top elementor-card-shadow-yes elementor-posts__hover-gradient elementor-widget elementor-widget-posts\" data-id=\"99103da\" data-element_type=\"widget\" data-settings=\"{&quot;cards_masonry&quot;:&quot;yes&quot;,&quot;cards_columns&quot;:&quot;3&quot;,&quot;cards_columns_tablet&quot;:&quot;2&quot;,&quot;cards_columns_mobile&quot;:&quot;1&quot;,&quot;cards_row_gap&quot;:{&quot;unit&quot;:&quot;px&quot;,&quot;size&quot;:35,&quot;sizes&quot;:[]},&quot;cards_row_gap_tablet&quot;:{&quot;unit&quot;:&quot;px&quot;,&quot;size&quot;:&quot;&quot;,&quot;sizes&quot;:[]},&quot;cards_row_gap_mobile&quot;:{&quot;unit&quot;:&quot;px&quot;,&quot;size&quot;:&quot;&quot;,&quot;sizes&quot;:[]}}\" data-widget_type=\"posts.cards\">\n\t\t\t\t<div class=\"elementor-widget-container\">\n\t\t\t\t\t\t\t<div class=\"elementor-posts-container elementor-posts elementor-posts--skin-cards elementor-grid\">\n\t\t\t\t<article class=\"elementor-post elementor-grid-item post-17897 villas type-villas status-publish has-post-thumbnail hentry location-villefranche-sur-mer amenities-gym amenities-pool amenities-sauna entry\">\n\t\t\t<div class=\"elementor-post__card\">\n\t\t\t\t<a class=\"elementor-post__thumbnail__link\" href=\"https:\/\/monaco-villas.fr\/fr\/rentals\/villa-olivia\/\" tabindex=\"-1\" ><div class=\"elementor-post__thumbnail\"><img fetchpriority=\"high\" decoding=\"async\" width=\"750\" height=\"500\" src=\"https:\/\/monaco-villas.fr\/wp-content\/uploads\/2025\/03\/Villa-Olivia-768x512.png\" class=\"attachment-medium_large size-medium_large wp-image-17894\" alt=\"\" srcset=\"https:\/\/monaco-villas.fr\/wp-content\/uploads\/2025\/03\/Villa-Olivia-768x512.png 768w, https:\/\/monaco-villas.fr\/wp-content\/uploads\/2025\/03\/Villa-Olivia-300x200.png 300w, https:\/\/monaco-villas.fr\/wp-content\/uploads\/2025\/03\/Villa-Olivia.png 900w\" sizes=\"(max-width: 750px) 100vw, 750px\" style=\"width:100%;height:66.67%;max-width:900px;\" \/><\/div><\/a>\n\t\t\t\t<div class=\"elementor-post__text\">\n\t\t\t\t<h3 class=\"elementor-post__title\">\n\t\t\t<a href=\"https:\/\/monaco-villas.fr\/fr\/rentals\/villa-olivia\/\" >\n\t\t\t\tVilla Olivia\t\t\t<\/a>\n\t\t<\/h3>\n\t\t\t\t<div class=\"elementor-post__excerpt\">\n\t\t\t<p>425m\u00b2 &#8211; 5 Chambres &#8211; POA<\/p>\n\t\t<\/div>\n\t\t\t\t<\/div>\n\t\t\t\t\t<\/div>\n\t\t<\/article>\n\t\t\t\t<\/div>\n\t\t\n\t\t\t\t\t\t<\/div>\n\t\t\t\t<\/div>\n\t\t\t\t\t<\/div>\n\t\t<\/div>\n\t\t\t\t\t<\/div>\n\t\t<\/section>\n\t\t\t\t<\/div>\n\t\t","protected":false},"excerpt":{"rendered":"<p>Locations \u00e0 Super Cannes Location de villas \u00e0 SUPER CANNES Super Cannes est l&rsquo;un des quartiers les plus demand\u00e9s du sud de la France, avec seulement quelques villas s\u00e9lectionn\u00e9es. Sa situation prestigieuse offre une vue imprenable sur la M\u00e9diterran\u00e9e, du Cap d&rsquo;Antibes au Massif de l&rsquo;Est\u00e9rel. \u00c0 deux pas du Palm Beach et de la&hellip; <a class=\"more-link\" href=\"https:\/\/monaco-villas.fr\/fr\/rentals\/villa-olivia\/\">Poursuivre la lecture <span class=\"screen-reader-text\">Villa Olivia<\/span><\/a><\/p>\n","protected":false},"author":2,"featured_media":4123,"parent":0,"menu_order":0,"comment_status":"closed","ping_status":"closed","template":"elementor_header_footer","meta":{"_acf_changed":false,"footnotes":""},"class_list":["post-10206","page","type-page","status-publish","has-post-thumbnail","hentry","entry"],"acf":[],"yoast_head":"<!-- This site is optimized with the Yoast SEO plugin v24.5 - https:\/\/yoast.com\/wordpress\/plugins\/seo\/ -->\n<title>Location de villas \u00e0 Super Cannes - Villas de luxe \u00e0 Super Cannes - Monaco Villas.<\/title>\n<meta name=\"description\" content=\"D\u00e9couvrez votre prochaine location de villa Super Cannes pour les vacances d&#039;\u00e9t\u00e9 et louez une villa de luxe \u00e0 Cannes avec vos amis et votre famille.\" \/>\n<meta name=\"robots\" content=\"index, follow, max-snippet:-1, max-image-preview:large, max-video-preview:-1\" \/>\n<link rel=\"canonical\" href=\"https:\/\/monaco-villas.fr\/fr\/dans-super-cannes\/\" \/>\n<meta property=\"og:locale\" content=\"fr_FR\" \/>\n<meta property=\"og:type\" content=\"article\" \/>\n<meta property=\"og:title\" content=\"Location de villas \u00e0 Super Cannes - Villas de luxe \u00e0 Super Cannes - Monaco Villas.\" \/>\n<meta property=\"og:description\" content=\"D\u00e9couvrez votre prochaine location de villa Super Cannes pour les vacances d&#039;\u00e9t\u00e9 et louez une villa de luxe \u00e0 Cannes avec vos amis et votre famille.\" \/>\n<meta property=\"og:url\" content=\"https:\/\/monaco-villas.fr\/fr\/dans-super-cannes\/\" \/>\n<meta property=\"og:site_name\" content=\"Monaco Villas\" \/>\n<meta property=\"article:modified_time\" content=\"2023-11-02T15:47:25+00:00\" \/>\n<meta property=\"og:image\" content=\"https:\/\/monaco-villas.fr\/wp-content\/uploads\/2022\/01\/Super-Cannes.jpg\" \/>\n\t<meta property=\"og:image:width\" content=\"1200\" \/>\n\t<meta property=\"og:image:height\" content=\"800\" \/>\n\t<meta property=\"og:image:type\" content=\"image\/jpeg\" \/>\n<meta name=\"twitter:card\" content=\"summary_large_image\" \/>\n<meta name=\"twitter:label1\" content=\"Dur\u00e9e de lecture estim\u00e9e\" \/>\n\t<meta name=\"twitter:data1\" content=\"1 minute\" \/>\n<script type=\"application\/ld+json\" class=\"yoast-schema-graph\">{\"@context\":\"https:\/\/schema.org\",\"@graph\":[{\"@type\":\"WebPage\",\"@id\":\"https:\/\/monaco-villas.fr\/fr\/dans-super-cannes\/\",\"url\":\"https:\/\/monaco-villas.fr\/fr\/dans-super-cannes\/\",\"name\":\"Location de villas \u00e0 Super Cannes - Villas de luxe \u00e0 Super Cannes - Monaco Villas.\",\"isPartOf\":{\"@id\":\"https:\/\/monaco-villas.fr\/fr\/#website\"},\"primaryImageOfPage\":{\"@id\":\"https:\/\/monaco-villas.fr\/fr\/dans-super-cannes\/#primaryimage\"},\"image\":{\"@id\":\"https:\/\/monaco-villas.fr\/fr\/dans-super-cannes\/#primaryimage\"},\"thumbnailUrl\":\"https:\/\/monaco-villas.fr\/wp-content\/uploads\/2022\/01\/Super-Cannes.jpg\",\"datePublished\":\"2022-01-16T17:20:56+00:00\",\"dateModified\":\"2023-11-02T15:47:25+00:00\",\"description\":\"D\u00e9couvrez votre prochaine location de villa Super Cannes pour les vacances d'\u00e9t\u00e9 et louez une villa de luxe \u00e0 Cannes avec vos amis et votre famille.\",\"breadcrumb\":{\"@id\":\"https:\/\/monaco-villas.fr\/fr\/dans-super-cannes\/#breadcrumb\"},\"inLanguage\":\"fr-FR\",\"potentialAction\":[{\"@type\":\"ReadAction\",\"target\":[\"https:\/\/monaco-villas.fr\/fr\/dans-super-cannes\/\"]}]},{\"@type\":\"ImageObject\",\"inLanguage\":\"fr-FR\",\"@id\":\"https:\/\/monaco-villas.fr\/fr\/dans-super-cannes\/#primaryimage\",\"url\":\"https:\/\/monaco-villas.fr\/wp-content\/uploads\/2022\/01\/Super-Cannes.jpg\",\"contentUrl\":\"https:\/\/monaco-villas.fr\/wp-content\/uploads\/2022\/01\/Super-Cannes.jpg\",\"width\":1200,\"height\":800,\"caption\":\"Super Cannes Villa Rentals\"},{\"@type\":\"BreadcrumbList\",\"@id\":\"https:\/\/monaco-villas.fr\/fr\/dans-super-cannes\/#breadcrumb\",\"itemListElement\":[{\"@type\":\"ListItem\",\"position\":1,\"name\":\"Home\",\"item\":\"https:\/\/monaco-villas.fr\/fr\/\"},{\"@type\":\"ListItem\",\"position\":2,\"name\":\"Dans Super Cannes\"}]},{\"@type\":\"WebSite\",\"@id\":\"https:\/\/monaco-villas.fr\/fr\/#website\",\"url\":\"https:\/\/monaco-villas.fr\/fr\/\",\"name\":\"Cannes Villas\",\"description\":\"Monaco Villas Rental\",\"publisher\":{\"@id\":\"https:\/\/monaco-villas.fr\/fr\/#organization\"},\"potentialAction\":[{\"@type\":\"SearchAction\",\"target\":{\"@type\":\"EntryPoint\",\"urlTemplate\":\"https:\/\/monaco-villas.fr\/fr\/?s={search_term_string}\"},\"query-input\":{\"@type\":\"PropertyValueSpecification\",\"valueRequired\":true,\"valueName\":\"search_term_string\"}}],\"inLanguage\":\"fr-FR\"},{\"@type\":\"Organization\",\"@id\":\"https:\/\/monaco-villas.fr\/fr\/#organization\",\"name\":\"Cannes Villas\",\"url\":\"https:\/\/monaco-villas.fr\/fr\/\",\"logo\":{\"@type\":\"ImageObject\",\"inLanguage\":\"fr-FR\",\"@id\":\"https:\/\/monaco-villas.fr\/fr\/#\/schema\/logo\/image\/\",\"url\":\"https:\/\/monaco-villas.fr\/wp-content\/uploads\/2022\/01\/Cannes-Villa-Logo.jpg\",\"contentUrl\":\"https:\/\/monaco-villas.fr\/wp-content\/uploads\/2022\/01\/Cannes-Villa-Logo.jpg\",\"width\":1704,\"height\":1704,\"caption\":\"Cannes Villas\"},\"image\":{\"@id\":\"https:\/\/monaco-villas.fr\/fr\/#\/schema\/logo\/image\/\"}}]}<\/script>\n<!-- \/ Yoast SEO plugin. -->","yoast_head_json":{"title":"Location de villas \u00e0 Super Cannes - Villas de luxe \u00e0 Super Cannes - Monaco Villas.","description":"D\u00e9couvrez votre prochaine location de villa Super Cannes pour les vacances d'\u00e9t\u00e9 et louez une villa de luxe \u00e0 Cannes avec vos amis et votre famille.","robots":{"index":"index","follow":"follow","max-snippet":"max-snippet:-1","max-image-preview":"max-image-preview:large","max-video-preview":"max-video-preview:-1"},"canonical":"https:\/\/monaco-villas.fr\/fr\/dans-super-cannes\/","og_locale":"fr_FR","og_type":"article","og_title":"Location de villas \u00e0 Super Cannes - Villas de luxe \u00e0 Super Cannes - Monaco Villas.","og_description":"D\u00e9couvrez votre prochaine location de villa Super Cannes pour les vacances d'\u00e9t\u00e9 et louez une villa de luxe \u00e0 Cannes avec vos amis et votre famille.","og_url":"https:\/\/monaco-villas.fr\/fr\/dans-super-cannes\/","og_site_name":"Monaco Villas","article_modified_time":"2023-11-02T15:47:25+00:00","og_image":[{"width":1200,"height":800,"url":"https:\/\/monaco-villas.fr\/wp-content\/uploads\/2022\/01\/Super-Cannes.jpg","type":"image\/jpeg"}],"twitter_card":"summary_large_image","twitter_misc":{"Dur\u00e9e de lecture estim\u00e9e":"1 minute"},"schema":{"@context":"https:\/\/schema.org","@graph":[{"@type":"WebPage","@id":"https:\/\/monaco-villas.fr\/fr\/dans-super-cannes\/","url":"https:\/\/monaco-villas.fr\/fr\/dans-super-cannes\/","name":"Location de villas \u00e0 Super Cannes - Villas de luxe \u00e0 Super Cannes - Monaco Villas.","isPartOf":{"@id":"https:\/\/monaco-villas.fr\/fr\/#website"},"primaryImageOfPage":{"@id":"https:\/\/monaco-villas.fr\/fr\/dans-super-cannes\/#primaryimage"},"image":{"@id":"https:\/\/monaco-villas.fr\/fr\/dans-super-cannes\/#primaryimage"},"thumbnailUrl":"https:\/\/monaco-villas.fr\/wp-content\/uploads\/2022\/01\/Super-Cannes.jpg","datePublished":"2022-01-16T17:20:56+00:00","dateModified":"2023-11-02T15:47:25+00:00","description":"D\u00e9couvrez votre prochaine location de villa Super Cannes pour les vacances d'\u00e9t\u00e9 et louez une villa de luxe \u00e0 Cannes avec vos amis et votre famille.","breadcrumb":{"@id":"https:\/\/monaco-villas.fr\/fr\/dans-super-cannes\/#breadcrumb"},"inLanguage":"fr-FR","potentialAction":[{"@type":"ReadAction","target":["https:\/\/monaco-villas.fr\/fr\/dans-super-cannes\/"]}]},{"@type":"ImageObject","inLanguage":"fr-FR","@id":"https:\/\/monaco-villas.fr\/fr\/dans-super-cannes\/#primaryimage","url":"https:\/\/monaco-villas.fr\/wp-content\/uploads\/2022\/01\/Super-Cannes.jpg","contentUrl":"https:\/\/monaco-villas.fr\/wp-content\/uploads\/2022\/01\/Super-Cannes.jpg","width":1200,"height":800,"caption":"Super Cannes Villa Rentals"},{"@type":"BreadcrumbList","@id":"https:\/\/monaco-villas.fr\/fr\/dans-super-cannes\/#breadcrumb","itemListElement":[{"@type":"ListItem","position":1,"name":"Home","item":"https:\/\/monaco-villas.fr\/fr\/"},{"@type":"ListItem","position":2,"name":"Dans Super Cannes"}]},{"@type":"WebSite","@id":"https:\/\/monaco-villas.fr\/fr\/#website","url":"https:\/\/monaco-villas.fr\/fr\/","name":"Cannes Villas","description":"Monaco Villas Rental","publisher":{"@id":"https:\/\/monaco-villas.fr\/fr\/#organization"},"potentialAction":[{"@type":"SearchAction","target":{"@type":"EntryPoint","urlTemplate":"https:\/\/monaco-villas.fr\/fr\/?s={search_term_string}"},"query-input":{"@type":"PropertyValueSpecification","valueRequired":true,"valueName":"search_term_string"}}],"inLanguage":"fr-FR"},{"@type":"Organization","@id":"https:\/\/monaco-villas.fr\/fr\/#organization","name":"Cannes Villas","url":"https:\/\/monaco-villas.fr\/fr\/","logo":{"@type":"ImageObject","inLanguage":"fr-FR","@id":"https:\/\/monaco-villas.fr\/fr\/#\/schema\/logo\/image\/","url":"https:\/\/monaco-villas.fr\/wp-content\/uploads\/2022\/01\/Cannes-Villa-Logo.jpg","contentUrl":"https:\/\/monaco-villas.fr\/wp-content\/uploads\/2022\/01\/Cannes-Villa-Logo.jpg","width":1704,"height":1704,"caption":"Cannes Villas"},"image":{"@id":"https:\/\/monaco-villas.fr\/fr\/#\/schema\/logo\/image\/"}}]}},"distributor_meta":false,"distributor_terms":false,"distributor_media":false,"distributor_original_site_name":"Monaco Villas","distributor_original_site_url":"https:\/\/monaco-villas.fr\/fr\/","push-errors":false,"_links":{"self":[{"href":"https:\/\/monaco-villas.fr\/fr\/wp-json\/wp\/v2\/pages\/10206"}],"collection":[{"href":"https:\/\/monaco-villas.fr\/fr\/wp-json\/wp\/v2\/pages"}],"about":[{"href":"https:\/\/monaco-villas.fr\/fr\/wp-json\/wp\/v2\/types\/page"}],"author":[{"embeddable":true,"href":"https:\/\/monaco-villas.fr\/fr\/wp-json\/wp\/v2\/users\/2"}],"replies":[{"embeddable":true,"href":"https:\/\/monaco-villas.fr\/fr\/wp-json\/wp\/v2\/comments?post=10206"}],"version-history":[{"count":0,"href":"https:\/\/monaco-villas.fr\/fr\/wp-json\/wp\/v2\/pages\/10206\/revisions"}],"wp:featuredmedia":[{"embeddable":true,"href":"https:\/\/monaco-villas.fr\/fr\/wp-json\/wp\/v2\/media\/4123"}],"wp:attachment":[{"href":"https:\/\/monaco-villas.fr\/fr\/wp-json\/wp\/v2\/media?parent=10206"}],"curies":[{"name":"wp","href":"https:\/\/api.w.org\/{rel}","templated":true}]}}