{"id":10214,"date":"2022-01-16T08:22:37","date_gmt":"2022-01-16T08:22:37","guid":{"rendered":"https:\/\/monaco-villas.fr\/avec-vue-sur-la-mer\/"},"modified":"2026-04-23T12:26:38","modified_gmt":"2026-04-23T12:26:38","slug":"avec-vue-sur-la-mer","status":"publish","type":"page","link":"https:\/\/monaco-villas.fr\/fr\/avec-vue-sur-la-mer\/","title":{"rendered":"Avec vue sur la mer"},"content":{"rendered":"\t\t<div data-elementor-type=\"wp-page\" data-elementor-id=\"10214\" class=\"elementor elementor-10214 elementor-361\" data-elementor-post-type=\"page\">\n\t\t\t\t\t\t<section class=\"elementor-section elementor-top-section elementor-element elementor-element-7775676 elementor-section-height-min-height elementor-section-boxed elementor-section-height-default elementor-section-items-middle\" data-id=\"7775676\" data-element_type=\"section\" data-e-type=\"section\" data-settings=\"{&quot;background_background&quot;:&quot;classic&quot;}\">\n\t\t\t\t\t\t<div class=\"elementor-container elementor-column-gap-default\">\n\t\t\t\t\t<div class=\"elementor-column elementor-col-100 elementor-top-column elementor-element elementor-element-9cb90af\" data-id=\"9cb90af\" data-element_type=\"column\" data-e-type=\"column\">\n\t\t\t<div class=\"elementor-widget-wrap elementor-element-populated\">\n\t\t\t\t\t\t<div class=\"elementor-element elementor-element-bc06590 elementor-widget elementor-widget-heading\" data-id=\"bc06590\" data-element_type=\"widget\" data-e-type=\"widget\" data-widget_type=\"heading.default\">\n\t\t\t\t<div class=\"elementor-widget-container\">\n\t\t\t\t\t<h2 class=\"elementor-heading-title elementor-size-default\">Locations avec vue sur la mer<\/h2>\t\t\t\t<\/div>\n\t\t\t\t<\/div>\n\t\t\t\t\t<\/div>\n\t\t<\/div>\n\t\t\t\t\t<\/div>\n\t\t<\/section>\n\t\t\t\t<section class=\"elementor-section elementor-top-section elementor-element elementor-element-9da68ef elementor-section-boxed elementor-section-height-default elementor-section-height-default\" data-id=\"9da68ef\" data-element_type=\"section\" data-e-type=\"section\">\n\t\t\t\t\t\t<div class=\"elementor-container elementor-column-gap-default\">\n\t\t\t\t\t<div class=\"elementor-column elementor-col-100 elementor-top-column elementor-element elementor-element-6726422\" data-id=\"6726422\" data-element_type=\"column\" data-e-type=\"column\">\n\t\t\t<div class=\"elementor-widget-wrap elementor-element-populated\">\n\t\t\t\t\t\t<div class=\"elementor-element elementor-element-61f4c80 elementor-widget elementor-widget-heading\" data-id=\"61f4c80\" data-element_type=\"widget\" data-e-type=\"widget\" data-widget_type=\"heading.default\">\n\t\t\t\t<div class=\"elementor-widget-container\">\n\t\t\t\t\t<h1 class=\"elementor-heading-title elementor-size-default\">Location de villa \u00e0 Monaco avec vue sur la mer<\/h1>\t\t\t\t<\/div>\n\t\t\t\t<\/div>\n\t\t\t\t<div class=\"elementor-element elementor-element-f341bd7 elementor-widget elementor-widget-text-editor\" data-id=\"f341bd7\" data-element_type=\"widget\" data-e-type=\"widget\" data-widget_type=\"text-editor.default\">\n\t\t\t\t<div class=\"elementor-widget-container\">\n\t\t\t\t\t\t\t\t\t<p>Le summum du luxe \u00e0 Monaco r\u00e9side dans les vues \u00e9poustouflantes sur la M\u00e9diterran\u00e9e, le littoral pittoresque et les magnifiques paysages environnants.\nQue vous choisissiez une villa plus proche du centre-ville anim\u00e9 ou une villa plus immerg\u00e9e dans la nature, vous trouverez toujours sur notre site des propri\u00e9t\u00e9s avec des vues exceptionnelles sur la mer. <\/p>\t\t\t\t\t\t\t\t<\/div>\n\t\t\t\t<\/div>\n\t\t\t\t\t<\/div>\n\t\t<\/div>\n\t\t\t\t\t<\/div>\n\t\t<\/section>\n\t\t\t\t<section class=\"elementor-section elementor-top-section elementor-element elementor-element-70decb7 elementor-section-boxed elementor-section-height-default elementor-section-height-default\" data-id=\"70decb7\" data-element_type=\"section\" data-e-type=\"section\">\n\t\t\t\t\t\t<div class=\"elementor-container elementor-column-gap-default\">\n\t\t\t\t\t<div class=\"elementor-column elementor-col-100 elementor-top-column elementor-element elementor-element-8a6d6c1\" data-id=\"8a6d6c1\" data-element_type=\"column\" data-e-type=\"column\">\n\t\t\t<div class=\"elementor-widget-wrap elementor-element-populated\">\n\t\t\t\t\t\t<div class=\"elementor-element elementor-element-f5b93a2 elementor-widget elementor-widget-heading\" data-id=\"f5b93a2\" data-element_type=\"widget\" data-e-type=\"widget\" data-widget_type=\"heading.default\">\n\t\t\t\t<div class=\"elementor-widget-container\">\n\t\t\t\t\t<h3 class=\"elementor-heading-title elementor-size-default\">Villas \u00e0 louer avec vue sur la mer<\/h3>\t\t\t\t<\/div>\n\t\t\t\t<\/div>\n\t\t\t\t<div class=\"elementor-element elementor-element-1341b27 elementor-widget elementor-widget-text-editor\" data-id=\"1341b27\" data-element_type=\"widget\" data-e-type=\"widget\" data-widget_type=\"text-editor.default\">\n\t\t\t\t<div class=\"elementor-widget-container\">\n\t\t\t\t\t\t\t\t\t<p>D\u00e9couvrez notre s\u00e9lection des plus belles villas de luxe \u00e0 Monaco avec vue sur la mer.<\/p>\t\t\t\t\t\t\t\t<\/div>\n\t\t\t\t<\/div>\n\t\t\t\t\t<\/div>\n\t\t<\/div>\n\t\t\t\t\t<\/div>\n\t\t<\/section>\n\t\t\t\t<\/div>\n\t\t","protected":false},"excerpt":{"rendered":"<p>Locations avec vue sur la mer Location de villa \u00e0 Monaco avec vue sur la mer Le summum du luxe \u00e0 Monaco r\u00e9side dans les vues \u00e9poustouflantes sur la M\u00e9diterran\u00e9e, le littoral pittoresque et les magnifiques paysages environnants. Que vous choisissiez une villa plus proche du centre-ville anim\u00e9 ou une villa plus immerg\u00e9e dans la&hellip; <a class=\"more-link\" href=\"https:\/\/monaco-villas.fr\/fr\/avec-vue-sur-la-mer\/\">Poursuivre la lecture <span class=\"screen-reader-text\">Avec vue sur la mer<\/span><\/a><\/p>\n","protected":false},"author":2,"featured_media":3877,"parent":0,"menu_order":0,"comment_status":"closed","ping_status":"closed","template":"elementor_header_footer","meta":{"_acf_changed":false,"footnotes":""},"class_list":["post-10214","page","type-page","status-publish","has-post-thumbnail","hentry","entry"],"acf":[],"yoast_head":"<!-- This site is optimized with the Yoast SEO plugin v24.5 - https:\/\/yoast.com\/wordpress\/plugins\/seo\/ -->\n<title>Location de villa \u00e0 Monaco avec vue sur la mer - Monaco Villas.<\/title>\n<meta name=\"description\" content=\"D\u00e9couvrez votre prochaine location de villa Monaco avec vue sur la mer pour les vacances d&#039;\u00e9t\u00e9 et louez une maison \u00e0 Monaco avec vos amis et votre famille.\" \/>\n<meta name=\"robots\" content=\"index, follow, max-snippet:-1, max-image-preview:large, max-video-preview:-1\" \/>\n<link rel=\"canonical\" href=\"https:\/\/monaco-villas.fr\/fr\/avec-vue-sur-la-mer\/\" \/>\n<meta property=\"og:locale\" content=\"fr_FR\" \/>\n<meta property=\"og:type\" content=\"article\" \/>\n<meta property=\"og:title\" content=\"Location de villa \u00e0 Monaco avec vue sur la mer - Monaco Villas.\" \/>\n<meta property=\"og:description\" content=\"D\u00e9couvrez votre prochaine location de villa Monaco avec vue sur la mer pour les vacances d&#039;\u00e9t\u00e9 et louez une maison \u00e0 Monaco avec vos amis et votre famille.\" \/>\n<meta property=\"og:url\" content=\"https:\/\/monaco-villas.fr\/fr\/avec-vue-sur-la-mer\/\" \/>\n<meta property=\"og:site_name\" content=\"Monaco Villas\" \/>\n<meta property=\"article:modified_time\" content=\"2026-04-23T12:26:38+00:00\" \/>\n<meta property=\"og:image\" content=\"https:\/\/monaco-villas.fr\/wp-content\/uploads\/2022\/01\/Cannes-Villas-9.jpg\" \/>\n\t<meta property=\"og:image:width\" content=\"2000\" \/>\n\t<meta property=\"og:image:height\" content=\"1333\" \/>\n\t<meta property=\"og:image:type\" content=\"image\/jpeg\" \/>\n<meta name=\"twitter:card\" content=\"summary_large_image\" \/>\n<script type=\"application\/ld+json\" class=\"yoast-schema-graph\">{\"@context\":\"https:\/\/schema.org\",\"@graph\":[{\"@type\":\"WebPage\",\"@id\":\"https:\/\/monaco-villas.fr\/fr\/avec-vue-sur-la-mer\/\",\"url\":\"https:\/\/monaco-villas.fr\/fr\/avec-vue-sur-la-mer\/\",\"name\":\"Location de villa \u00e0 Monaco avec vue sur la mer - Monaco Villas.\",\"isPartOf\":{\"@id\":\"https:\/\/monaco-villas.fr\/fr\/#website\"},\"primaryImageOfPage\":{\"@id\":\"https:\/\/monaco-villas.fr\/fr\/avec-vue-sur-la-mer\/#primaryimage\"},\"image\":{\"@id\":\"https:\/\/monaco-villas.fr\/fr\/avec-vue-sur-la-mer\/#primaryimage\"},\"thumbnailUrl\":\"https:\/\/monaco-villas.fr\/wp-content\/uploads\/2022\/01\/Cannes-Villas-9.jpg\",\"datePublished\":\"2022-01-16T08:22:37+00:00\",\"dateModified\":\"2026-04-23T12:26:38+00:00\",\"description\":\"D\u00e9couvrez votre prochaine location de villa Monaco avec vue sur la mer pour les vacances d'\u00e9t\u00e9 et louez une maison \u00e0 Monaco avec vos amis et votre famille.\",\"breadcrumb\":{\"@id\":\"https:\/\/monaco-villas.fr\/fr\/avec-vue-sur-la-mer\/#breadcrumb\"},\"inLanguage\":\"fr-FR\",\"potentialAction\":[{\"@type\":\"ReadAction\",\"target\":[\"https:\/\/monaco-villas.fr\/fr\/avec-vue-sur-la-mer\/\"]}]},{\"@type\":\"ImageObject\",\"inLanguage\":\"fr-FR\",\"@id\":\"https:\/\/monaco-villas.fr\/fr\/avec-vue-sur-la-mer\/#primaryimage\",\"url\":\"https:\/\/monaco-villas.fr\/wp-content\/uploads\/2022\/01\/Cannes-Villas-9.jpg\",\"contentUrl\":\"https:\/\/monaco-villas.fr\/wp-content\/uploads\/2022\/01\/Cannes-Villas-9.jpg\",\"width\":2000,\"height\":1333},{\"@type\":\"BreadcrumbList\",\"@id\":\"https:\/\/monaco-villas.fr\/fr\/avec-vue-sur-la-mer\/#breadcrumb\",\"itemListElement\":[{\"@type\":\"ListItem\",\"position\":1,\"name\":\"Home\",\"item\":\"https:\/\/monaco-villas.fr\/fr\/\"},{\"@type\":\"ListItem\",\"position\":2,\"name\":\"Avec vue sur la mer\"}]},{\"@type\":\"WebSite\",\"@id\":\"https:\/\/monaco-villas.fr\/fr\/#website\",\"url\":\"https:\/\/monaco-villas.fr\/fr\/\",\"name\":\"Cannes Villas\",\"description\":\"Monaco Villas Rental\",\"publisher\":{\"@id\":\"https:\/\/monaco-villas.fr\/fr\/#organization\"},\"potentialAction\":[{\"@type\":\"SearchAction\",\"target\":{\"@type\":\"EntryPoint\",\"urlTemplate\":\"https:\/\/monaco-villas.fr\/fr\/?s={search_term_string}\"},\"query-input\":{\"@type\":\"PropertyValueSpecification\",\"valueRequired\":true,\"valueName\":\"search_term_string\"}}],\"inLanguage\":\"fr-FR\"},{\"@type\":\"Organization\",\"@id\":\"https:\/\/monaco-villas.fr\/fr\/#organization\",\"name\":\"Cannes Villas\",\"url\":\"https:\/\/monaco-villas.fr\/fr\/\",\"logo\":{\"@type\":\"ImageObject\",\"inLanguage\":\"fr-FR\",\"@id\":\"https:\/\/monaco-villas.fr\/fr\/#\/schema\/logo\/image\/\",\"url\":\"https:\/\/monaco-villas.fr\/wp-content\/uploads\/2022\/01\/Cannes-Villa-Logo.jpg\",\"contentUrl\":\"https:\/\/monaco-villas.fr\/wp-content\/uploads\/2022\/01\/Cannes-Villa-Logo.jpg\",\"width\":1704,\"height\":1704,\"caption\":\"Cannes Villas\"},\"image\":{\"@id\":\"https:\/\/monaco-villas.fr\/fr\/#\/schema\/logo\/image\/\"}}]}<\/script>\n<!-- \/ Yoast SEO plugin. -->","yoast_head_json":{"title":"Location de villa \u00e0 Monaco avec vue sur la mer - Monaco Villas.","description":"D\u00e9couvrez votre prochaine location de villa Monaco avec vue sur la mer pour les vacances d'\u00e9t\u00e9 et louez une maison \u00e0 Monaco avec vos amis et votre famille.","robots":{"index":"index","follow":"follow","max-snippet":"max-snippet:-1","max-image-preview":"max-image-preview:large","max-video-preview":"max-video-preview:-1"},"canonical":"https:\/\/monaco-villas.fr\/fr\/avec-vue-sur-la-mer\/","og_locale":"fr_FR","og_type":"article","og_title":"Location de villa \u00e0 Monaco avec vue sur la mer - Monaco Villas.","og_description":"D\u00e9couvrez votre prochaine location de villa Monaco avec vue sur la mer pour les vacances d'\u00e9t\u00e9 et louez une maison \u00e0 Monaco avec vos amis et votre famille.","og_url":"https:\/\/monaco-villas.fr\/fr\/avec-vue-sur-la-mer\/","og_site_name":"Monaco Villas","article_modified_time":"2026-04-23T12:26:38+00:00","og_image":[{"width":2000,"height":1333,"url":"https:\/\/monaco-villas.fr\/wp-content\/uploads\/2022\/01\/Cannes-Villas-9.jpg","type":"image\/jpeg"}],"twitter_card":"summary_large_image","schema":{"@context":"https:\/\/schema.org","@graph":[{"@type":"WebPage","@id":"https:\/\/monaco-villas.fr\/fr\/avec-vue-sur-la-mer\/","url":"https:\/\/monaco-villas.fr\/fr\/avec-vue-sur-la-mer\/","name":"Location de villa \u00e0 Monaco avec vue sur la mer - Monaco Villas.","isPartOf":{"@id":"https:\/\/monaco-villas.fr\/fr\/#website"},"primaryImageOfPage":{"@id":"https:\/\/monaco-villas.fr\/fr\/avec-vue-sur-la-mer\/#primaryimage"},"image":{"@id":"https:\/\/monaco-villas.fr\/fr\/avec-vue-sur-la-mer\/#primaryimage"},"thumbnailUrl":"https:\/\/monaco-villas.fr\/wp-content\/uploads\/2022\/01\/Cannes-Villas-9.jpg","datePublished":"2022-01-16T08:22:37+00:00","dateModified":"2026-04-23T12:26:38+00:00","description":"D\u00e9couvrez votre prochaine location de villa Monaco avec vue sur la mer pour les vacances d'\u00e9t\u00e9 et louez une maison \u00e0 Monaco avec vos amis et votre famille.","breadcrumb":{"@id":"https:\/\/monaco-villas.fr\/fr\/avec-vue-sur-la-mer\/#breadcrumb"},"inLanguage":"fr-FR","potentialAction":[{"@type":"ReadAction","target":["https:\/\/monaco-villas.fr\/fr\/avec-vue-sur-la-mer\/"]}]},{"@type":"ImageObject","inLanguage":"fr-FR","@id":"https:\/\/monaco-villas.fr\/fr\/avec-vue-sur-la-mer\/#primaryimage","url":"https:\/\/monaco-villas.fr\/wp-content\/uploads\/2022\/01\/Cannes-Villas-9.jpg","contentUrl":"https:\/\/monaco-villas.fr\/wp-content\/uploads\/2022\/01\/Cannes-Villas-9.jpg","width":2000,"height":1333},{"@type":"BreadcrumbList","@id":"https:\/\/monaco-villas.fr\/fr\/avec-vue-sur-la-mer\/#breadcrumb","itemListElement":[{"@type":"ListItem","position":1,"name":"Home","item":"https:\/\/monaco-villas.fr\/fr\/"},{"@type":"ListItem","position":2,"name":"Avec vue sur la mer"}]},{"@type":"WebSite","@id":"https:\/\/monaco-villas.fr\/fr\/#website","url":"https:\/\/monaco-villas.fr\/fr\/","name":"Cannes Villas","description":"Monaco Villas Rental","publisher":{"@id":"https:\/\/monaco-villas.fr\/fr\/#organization"},"potentialAction":[{"@type":"SearchAction","target":{"@type":"EntryPoint","urlTemplate":"https:\/\/monaco-villas.fr\/fr\/?s={search_term_string}"},"query-input":{"@type":"PropertyValueSpecification","valueRequired":true,"valueName":"search_term_string"}}],"inLanguage":"fr-FR"},{"@type":"Organization","@id":"https:\/\/monaco-villas.fr\/fr\/#organization","name":"Cannes Villas","url":"https:\/\/monaco-villas.fr\/fr\/","logo":{"@type":"ImageObject","inLanguage":"fr-FR","@id":"https:\/\/monaco-villas.fr\/fr\/#\/schema\/logo\/image\/","url":"https:\/\/monaco-villas.fr\/wp-content\/uploads\/2022\/01\/Cannes-Villa-Logo.jpg","contentUrl":"https:\/\/monaco-villas.fr\/wp-content\/uploads\/2022\/01\/Cannes-Villa-Logo.jpg","width":1704,"height":1704,"caption":"Cannes Villas"},"image":{"@id":"https:\/\/monaco-villas.fr\/fr\/#\/schema\/logo\/image\/"}}]}},"distributor_meta":false,"distributor_terms":false,"distributor_media":false,"distributor_original_site_name":"Monaco Villas","distributor_original_site_url":"https:\/\/monaco-villas.fr\/fr\/","push-errors":false,"_links":{"self":[{"href":"https:\/\/monaco-villas.fr\/fr\/wp-json\/wp\/v2\/pages\/10214"}],"collection":[{"href":"https:\/\/monaco-villas.fr\/fr\/wp-json\/wp\/v2\/pages"}],"about":[{"href":"https:\/\/monaco-villas.fr\/fr\/wp-json\/wp\/v2\/types\/page"}],"author":[{"embeddable":true,"href":"https:\/\/monaco-villas.fr\/fr\/wp-json\/wp\/v2\/users\/2"}],"replies":[{"embeddable":true,"href":"https:\/\/monaco-villas.fr\/fr\/wp-json\/wp\/v2\/comments?post=10214"}],"version-history":[{"count":2,"href":"https:\/\/monaco-villas.fr\/fr\/wp-json\/wp\/v2\/pages\/10214\/revisions"}],"predecessor-version":[{"id":18174,"href":"https:\/\/monaco-villas.fr\/fr\/wp-json\/wp\/v2\/pages\/10214\/revisions\/18174"}],"wp:featuredmedia":[{"embeddable":true,"href":"https:\/\/monaco-villas.fr\/fr\/wp-json\/wp\/v2\/media\/3877"}],"wp:attachment":[{"href":"https:\/\/monaco-villas.fr\/fr\/wp-json\/wp\/v2\/media?parent=10214"}],"curies":[{"name":"wp","href":"https:\/\/api.w.org\/{rel}","templated":true}]}}