{"id":10274,"date":"2022-02-19T14:19:44","date_gmt":"2022-02-19T14:19:44","guid":{"rendered":"https:\/\/monaco-villas.fr\/festival-de-cannes\/"},"modified":"2024-10-17T10:30:32","modified_gmt":"2024-10-17T10:30:32","slug":"festival-de-cannes","status":"publish","type":"page","link":"https:\/\/monaco-villas.fr\/fr\/festival-de-cannes\/","title":{"rendered":"Grand Prix de Monaco"},"content":{"rendered":"\t\t<div data-elementor-type=\"wp-page\" data-elementor-id=\"10274\" class=\"elementor elementor-10274 elementor-1923\" data-elementor-post-type=\"page\">\n\t\t\t\t\t\t<section class=\"elementor-section elementor-top-section elementor-element elementor-element-7775676 elementor-section-height-min-height elementor-section-boxed elementor-section-height-default elementor-section-items-middle\" data-id=\"7775676\" data-element_type=\"section\" data-settings=\"{&quot;background_background&quot;:&quot;classic&quot;}\">\n\t\t\t\t\t\t<div class=\"elementor-container elementor-column-gap-default\">\n\t\t\t\t\t<div class=\"elementor-column elementor-col-100 elementor-top-column elementor-element elementor-element-9cb90af\" data-id=\"9cb90af\" data-element_type=\"column\">\n\t\t\t<div class=\"elementor-widget-wrap elementor-element-populated\">\n\t\t\t\t\t\t<div class=\"elementor-element elementor-element-bc06590 elementor-widget elementor-widget-heading\" data-id=\"bc06590\" data-element_type=\"widget\" data-widget_type=\"heading.default\">\n\t\t\t\t<div class=\"elementor-widget-container\">\n\t\t\t\t\t<h2 class=\"elementor-heading-title elementor-size-default\">Grand prix de Monaco<\/h2>\t\t\t\t<\/div>\n\t\t\t\t<\/div>\n\t\t\t\t\t<\/div>\n\t\t<\/div>\n\t\t\t\t\t<\/div>\n\t\t<\/section>\n\t\t\t\t<section class=\"elementor-section elementor-top-section elementor-element elementor-element-9da68ef elementor-section-boxed elementor-section-height-default elementor-section-height-default\" data-id=\"9da68ef\" data-element_type=\"section\">\n\t\t\t\t\t\t<div class=\"elementor-container elementor-column-gap-default\">\n\t\t\t\t\t<div class=\"elementor-column elementor-col-100 elementor-top-column elementor-element elementor-element-6726422\" data-id=\"6726422\" data-element_type=\"column\">\n\t\t\t<div class=\"elementor-widget-wrap elementor-element-populated\">\n\t\t\t\t\t\t<div class=\"elementor-element elementor-element-61f4c80 elementor-widget elementor-widget-heading\" data-id=\"61f4c80\" data-element_type=\"widget\" data-widget_type=\"heading.default\">\n\t\t\t\t<div class=\"elementor-widget-container\">\n\t\t\t\t\t<h1 class=\"elementor-heading-title elementor-size-default\">Location de villa pour le grand prix de Monaco<\/h1>\t\t\t\t<\/div>\n\t\t\t\t<\/div>\n\t\t\t\t<div class=\"elementor-element elementor-element-f341bd7 elementor-widget elementor-widget-text-editor\" data-id=\"f341bd7\" data-element_type=\"widget\" data-widget_type=\"text-editor.default\">\n\t\t\t\t<div class=\"elementor-widget-container\">\n\t\t\t\t\t\t\t\t\t<p>Le Grand Prix de Monaco est l&rsquo;\u00e9v\u00e9nement le plus palpitant de l&rsquo;ann\u00e9e dans la principaut\u00e9. L&rsquo;\u00e9lite mondiale se r\u00e9unit pour assister \u00e0 cette course l\u00e9gendaire, et l&rsquo;atmosph\u00e8re est charg\u00e9e d&rsquo;excitation et de glamour. R\u00e9servez l&rsquo;une de nos villas les plus luxueuses pendant le Grand Prix et accueillez vos invit\u00e9s dans un style in\u00e9gal\u00e9. Que vous pr\u00e9f\u00e9riez une situation privil\u00e9gi\u00e9e avec vue sur le circuit ou une retraite isol\u00e9e dans les collines, notre \u00e9quipe est l\u00e0 pour vous aider \u00e0 trouver la villa id\u00e9ale pour votre s\u00e9jour.<\/p>\n\t\t\t\t\t\t\t\t<\/div>\n\t\t\t\t<\/div>\n\t\t\t\t\t<\/div>\n\t\t<\/div>\n\t\t\t\t\t<\/div>\n\t\t<\/section>\n\t\t\t\t<section class=\"elementor-section elementor-top-section elementor-element elementor-element-70decb7 elementor-section-boxed elementor-section-height-default elementor-section-height-default\" data-id=\"70decb7\" data-element_type=\"section\">\n\t\t\t\t\t\t<div class=\"elementor-container elementor-column-gap-default\">\n\t\t\t\t\t<div class=\"elementor-column elementor-col-100 elementor-top-column elementor-element elementor-element-8a6d6c1\" data-id=\"8a6d6c1\" data-element_type=\"column\">\n\t\t\t<div class=\"elementor-widget-wrap elementor-element-populated\">\n\t\t\t\t\t\t<div class=\"elementor-element elementor-element-f5b93a2 elementor-widget elementor-widget-heading\" data-id=\"f5b93a2\" data-element_type=\"widget\" data-widget_type=\"heading.default\">\n\t\t\t\t<div class=\"elementor-widget-container\">\n\t\t\t\t\t<h3 class=\"elementor-heading-title elementor-size-default\">Villas \u00e0 louer pendant le grand prix de Monaco<\/h3>\t\t\t\t<\/div>\n\t\t\t\t<\/div>\n\t\t\t\t<div class=\"elementor-element elementor-element-1341b27 elementor-widget elementor-widget-text-editor\" data-id=\"1341b27\" data-element_type=\"widget\" data-widget_type=\"text-editor.default\">\n\t\t\t\t<div class=\"elementor-widget-container\">\n\t\t\t\t\t\t\t\t\t<p>D\u00e9couvrez notre s\u00e9lection des plus belles villas \u00e0 louer pendant le Grand Prix de Monaco.<\/p>\n\t\t\t\t\t\t\t\t<\/div>\n\t\t\t\t<\/div>\n\t\t\t\t<div class=\"elementor-element elementor-element-99103da elementor-posts--align-center elementor-grid-3 elementor-grid-tablet-2 elementor-grid-mobile-1 elementor-posts--thumbnail-top elementor-card-shadow-yes elementor-posts__hover-gradient elementor-widget elementor-widget-posts\" data-id=\"99103da\" data-element_type=\"widget\" data-settings=\"{&quot;cards_masonry&quot;:&quot;yes&quot;,&quot;pagination_type&quot;:&quot;numbers&quot;,&quot;cards_columns&quot;:&quot;3&quot;,&quot;cards_columns_tablet&quot;:&quot;2&quot;,&quot;cards_columns_mobile&quot;:&quot;1&quot;,&quot;cards_row_gap&quot;:{&quot;unit&quot;:&quot;px&quot;,&quot;size&quot;:35,&quot;sizes&quot;:[]},&quot;cards_row_gap_tablet&quot;:{&quot;unit&quot;:&quot;px&quot;,&quot;size&quot;:&quot;&quot;,&quot;sizes&quot;:[]},&quot;cards_row_gap_mobile&quot;:{&quot;unit&quot;:&quot;px&quot;,&quot;size&quot;:&quot;&quot;,&quot;sizes&quot;:[]}}\" data-widget_type=\"posts.cards\">\n\t\t\t\t<div class=\"elementor-widget-container\">\n\t\t\t\t\t\t\t<div class=\"elementor-posts-container elementor-posts elementor-posts--skin-cards elementor-grid\">\n\t\t\t\t<article class=\"elementor-post elementor-grid-item post-17897 villas type-villas status-publish has-post-thumbnail hentry location-villefranche-sur-mer amenities-gym amenities-pool amenities-sauna entry\">\n\t\t\t<div class=\"elementor-post__card\">\n\t\t\t\t<a class=\"elementor-post__thumbnail__link\" href=\"https:\/\/monaco-villas.fr\/fr\/rentals\/villa-olivia\/\" tabindex=\"-1\" ><div class=\"elementor-post__thumbnail\"><img fetchpriority=\"high\" decoding=\"async\" width=\"750\" height=\"500\" src=\"https:\/\/monaco-villas.fr\/wp-content\/uploads\/2025\/03\/Villa-Olivia-768x512.png\" class=\"attachment-medium_large size-medium_large wp-image-17894\" alt=\"\" srcset=\"https:\/\/monaco-villas.fr\/wp-content\/uploads\/2025\/03\/Villa-Olivia-768x512.png 768w, https:\/\/monaco-villas.fr\/wp-content\/uploads\/2025\/03\/Villa-Olivia-300x200.png 300w, https:\/\/monaco-villas.fr\/wp-content\/uploads\/2025\/03\/Villa-Olivia.png 900w\" sizes=\"(max-width: 750px) 100vw, 750px\" style=\"width:100%;height:66.67%;max-width:900px;\" \/><\/div><\/a>\n\t\t\t\t<div class=\"elementor-post__text\">\n\t\t\t\t<h3 class=\"elementor-post__title\">\n\t\t\t<a href=\"https:\/\/monaco-villas.fr\/fr\/rentals\/villa-olivia\/\" >\n\t\t\t\tVilla Olivia\t\t\t<\/a>\n\t\t<\/h3>\n\t\t\t\t<div class=\"elementor-post__excerpt\">\n\t\t\t<p>425m\u00b2 &#8211; 5 Chambres &#8211; POA<\/p>\n\t\t<\/div>\n\t\t\t\t<\/div>\n\t\t\t\t\t<\/div>\n\t\t<\/article>\n\t\t\t\t<\/div>\n\t\t\n\t\t\t\t\t\t<\/div>\n\t\t\t\t<\/div>\n\t\t\t\t\t<\/div>\n\t\t<\/div>\n\t\t\t\t\t<\/div>\n\t\t<\/section>\n\t\t\t\t<\/div>\n\t\t","protected":false},"excerpt":{"rendered":"<p>Grand prix de Monaco Location de villa pour le grand prix de Monaco Le Grand Prix de Monaco est l&rsquo;\u00e9v\u00e9nement le plus palpitant de l&rsquo;ann\u00e9e dans la principaut\u00e9. L&rsquo;\u00e9lite mondiale se r\u00e9unit pour assister \u00e0 cette course l\u00e9gendaire, et l&rsquo;atmosph\u00e8re est charg\u00e9e d&rsquo;excitation et de glamour. R\u00e9servez l&rsquo;une de nos villas les plus luxueuses pendant&hellip; <a class=\"more-link\" href=\"https:\/\/monaco-villas.fr\/fr\/rentals\/villa-olivia\/\">Poursuivre la lecture <span class=\"screen-reader-text\">Villa Olivia<\/span><\/a><\/p>\n","protected":false},"author":2,"featured_media":7171,"parent":0,"menu_order":0,"comment_status":"closed","ping_status":"closed","template":"elementor_header_footer","meta":{"_acf_changed":false,"footnotes":""},"class_list":["post-10274","page","type-page","status-publish","has-post-thumbnail","hentry","entry"],"acf":[],"yoast_head":"<!-- This site is optimized with the Yoast SEO plugin v24.5 - https:\/\/yoast.com\/wordpress\/plugins\/seo\/ -->\n<title>Monaco Grand Prix Villa Rentals - Monaco Villas<\/title>\n<meta name=\"description\" content=\"D\u00e9couvrez vos prochaines villas \u00e0 louer pendant le Festival de Cannes et louez des villas de luxe pour recevoir vos invit\u00e9s pendant le festival.\" \/>\n<meta name=\"robots\" content=\"index, follow, max-snippet:-1, max-image-preview:large, max-video-preview:-1\" \/>\n<link rel=\"canonical\" href=\"https:\/\/monaco-villas.fr\/fr\/festival-de-cannes\/\" \/>\n<meta property=\"og:locale\" content=\"fr_FR\" \/>\n<meta property=\"og:type\" content=\"article\" \/>\n<meta property=\"og:title\" content=\"Monaco Grand Prix Villa Rentals - Monaco Villas\" \/>\n<meta property=\"og:description\" content=\"D\u00e9couvrez vos prochaines villas \u00e0 louer pendant le Festival de Cannes et louez des villas de luxe pour recevoir vos invit\u00e9s pendant le festival.\" \/>\n<meta property=\"og:url\" content=\"https:\/\/monaco-villas.fr\/fr\/festival-de-cannes\/\" \/>\n<meta property=\"og:site_name\" content=\"Monaco Villas\" \/>\n<meta property=\"article:modified_time\" content=\"2024-10-17T10:30:32+00:00\" \/>\n<meta property=\"og:image\" content=\"https:\/\/monaco-villas.fr\/wp-content\/uploads\/2022\/02\/Cannes-Film-Festival.jpg\" \/>\n\t<meta property=\"og:image:width\" content=\"2000\" \/>\n\t<meta property=\"og:image:height\" content=\"1333\" \/>\n\t<meta property=\"og:image:type\" content=\"image\/jpeg\" \/>\n<meta name=\"twitter:card\" content=\"summary_large_image\" \/>\n<meta name=\"twitter:label1\" content=\"Dur\u00e9e de lecture estim\u00e9e\" \/>\n\t<meta name=\"twitter:data1\" content=\"1 minute\" \/>\n<script type=\"application\/ld+json\" class=\"yoast-schema-graph\">{\"@context\":\"https:\/\/schema.org\",\"@graph\":[{\"@type\":\"WebPage\",\"@id\":\"https:\/\/monaco-villas.fr\/fr\/festival-de-cannes\/\",\"url\":\"https:\/\/monaco-villas.fr\/fr\/festival-de-cannes\/\",\"name\":\"Monaco Grand Prix Villa Rentals - Monaco Villas\",\"isPartOf\":{\"@id\":\"https:\/\/monaco-villas.fr\/fr\/#website\"},\"primaryImageOfPage\":{\"@id\":\"https:\/\/monaco-villas.fr\/fr\/festival-de-cannes\/#primaryimage\"},\"image\":{\"@id\":\"https:\/\/monaco-villas.fr\/fr\/festival-de-cannes\/#primaryimage\"},\"thumbnailUrl\":\"https:\/\/monaco-villas.fr\/wp-content\/uploads\/2022\/02\/Cannes-Film-Festival.jpg\",\"datePublished\":\"2022-02-19T14:19:44+00:00\",\"dateModified\":\"2024-10-17T10:30:32+00:00\",\"description\":\"D\u00e9couvrez vos prochaines villas \u00e0 louer pendant le Festival de Cannes et louez des villas de luxe pour recevoir vos invit\u00e9s pendant le festival.\",\"breadcrumb\":{\"@id\":\"https:\/\/monaco-villas.fr\/fr\/festival-de-cannes\/#breadcrumb\"},\"inLanguage\":\"fr-FR\",\"potentialAction\":[{\"@type\":\"ReadAction\",\"target\":[\"https:\/\/monaco-villas.fr\/fr\/festival-de-cannes\/\"]}]},{\"@type\":\"ImageObject\",\"inLanguage\":\"fr-FR\",\"@id\":\"https:\/\/monaco-villas.fr\/fr\/festival-de-cannes\/#primaryimage\",\"url\":\"https:\/\/monaco-villas.fr\/wp-content\/uploads\/2022\/02\/Cannes-Film-Festival.jpg\",\"contentUrl\":\"https:\/\/monaco-villas.fr\/wp-content\/uploads\/2022\/02\/Cannes-Film-Festival.jpg\",\"width\":2000,\"height\":1333},{\"@type\":\"BreadcrumbList\",\"@id\":\"https:\/\/monaco-villas.fr\/fr\/festival-de-cannes\/#breadcrumb\",\"itemListElement\":[{\"@type\":\"ListItem\",\"position\":1,\"name\":\"Home\",\"item\":\"https:\/\/monaco-villas.fr\/fr\/\"},{\"@type\":\"ListItem\",\"position\":2,\"name\":\"Grand Prix de Monaco\"}]},{\"@type\":\"WebSite\",\"@id\":\"https:\/\/monaco-villas.fr\/fr\/#website\",\"url\":\"https:\/\/monaco-villas.fr\/fr\/\",\"name\":\"Cannes Villas\",\"description\":\"Monaco Villas Rental\",\"publisher\":{\"@id\":\"https:\/\/monaco-villas.fr\/fr\/#organization\"},\"potentialAction\":[{\"@type\":\"SearchAction\",\"target\":{\"@type\":\"EntryPoint\",\"urlTemplate\":\"https:\/\/monaco-villas.fr\/fr\/?s={search_term_string}\"},\"query-input\":{\"@type\":\"PropertyValueSpecification\",\"valueRequired\":true,\"valueName\":\"search_term_string\"}}],\"inLanguage\":\"fr-FR\"},{\"@type\":\"Organization\",\"@id\":\"https:\/\/monaco-villas.fr\/fr\/#organization\",\"name\":\"Cannes Villas\",\"url\":\"https:\/\/monaco-villas.fr\/fr\/\",\"logo\":{\"@type\":\"ImageObject\",\"inLanguage\":\"fr-FR\",\"@id\":\"https:\/\/monaco-villas.fr\/fr\/#\/schema\/logo\/image\/\",\"url\":\"https:\/\/monaco-villas.fr\/wp-content\/uploads\/2022\/01\/Cannes-Villa-Logo.jpg\",\"contentUrl\":\"https:\/\/monaco-villas.fr\/wp-content\/uploads\/2022\/01\/Cannes-Villa-Logo.jpg\",\"width\":1704,\"height\":1704,\"caption\":\"Cannes Villas\"},\"image\":{\"@id\":\"https:\/\/monaco-villas.fr\/fr\/#\/schema\/logo\/image\/\"}}]}<\/script>\n<!-- \/ Yoast SEO plugin. -->","yoast_head_json":{"title":"Monaco Grand Prix Villa Rentals - Monaco Villas","description":"D\u00e9couvrez vos prochaines villas \u00e0 louer pendant le Festival de Cannes et louez des villas de luxe pour recevoir vos invit\u00e9s pendant le festival.","robots":{"index":"index","follow":"follow","max-snippet":"max-snippet:-1","max-image-preview":"max-image-preview:large","max-video-preview":"max-video-preview:-1"},"canonical":"https:\/\/monaco-villas.fr\/fr\/festival-de-cannes\/","og_locale":"fr_FR","og_type":"article","og_title":"Monaco Grand Prix Villa Rentals - Monaco Villas","og_description":"D\u00e9couvrez vos prochaines villas \u00e0 louer pendant le Festival de Cannes et louez des villas de luxe pour recevoir vos invit\u00e9s pendant le festival.","og_url":"https:\/\/monaco-villas.fr\/fr\/festival-de-cannes\/","og_site_name":"Monaco Villas","article_modified_time":"2024-10-17T10:30:32+00:00","og_image":[{"width":2000,"height":1333,"url":"https:\/\/monaco-villas.fr\/wp-content\/uploads\/2022\/02\/Cannes-Film-Festival.jpg","type":"image\/jpeg"}],"twitter_card":"summary_large_image","twitter_misc":{"Dur\u00e9e de lecture estim\u00e9e":"1 minute"},"schema":{"@context":"https:\/\/schema.org","@graph":[{"@type":"WebPage","@id":"https:\/\/monaco-villas.fr\/fr\/festival-de-cannes\/","url":"https:\/\/monaco-villas.fr\/fr\/festival-de-cannes\/","name":"Monaco Grand Prix Villa Rentals - Monaco Villas","isPartOf":{"@id":"https:\/\/monaco-villas.fr\/fr\/#website"},"primaryImageOfPage":{"@id":"https:\/\/monaco-villas.fr\/fr\/festival-de-cannes\/#primaryimage"},"image":{"@id":"https:\/\/monaco-villas.fr\/fr\/festival-de-cannes\/#primaryimage"},"thumbnailUrl":"https:\/\/monaco-villas.fr\/wp-content\/uploads\/2022\/02\/Cannes-Film-Festival.jpg","datePublished":"2022-02-19T14:19:44+00:00","dateModified":"2024-10-17T10:30:32+00:00","description":"D\u00e9couvrez vos prochaines villas \u00e0 louer pendant le Festival de Cannes et louez des villas de luxe pour recevoir vos invit\u00e9s pendant le festival.","breadcrumb":{"@id":"https:\/\/monaco-villas.fr\/fr\/festival-de-cannes\/#breadcrumb"},"inLanguage":"fr-FR","potentialAction":[{"@type":"ReadAction","target":["https:\/\/monaco-villas.fr\/fr\/festival-de-cannes\/"]}]},{"@type":"ImageObject","inLanguage":"fr-FR","@id":"https:\/\/monaco-villas.fr\/fr\/festival-de-cannes\/#primaryimage","url":"https:\/\/monaco-villas.fr\/wp-content\/uploads\/2022\/02\/Cannes-Film-Festival.jpg","contentUrl":"https:\/\/monaco-villas.fr\/wp-content\/uploads\/2022\/02\/Cannes-Film-Festival.jpg","width":2000,"height":1333},{"@type":"BreadcrumbList","@id":"https:\/\/monaco-villas.fr\/fr\/festival-de-cannes\/#breadcrumb","itemListElement":[{"@type":"ListItem","position":1,"name":"Home","item":"https:\/\/monaco-villas.fr\/fr\/"},{"@type":"ListItem","position":2,"name":"Grand Prix de Monaco"}]},{"@type":"WebSite","@id":"https:\/\/monaco-villas.fr\/fr\/#website","url":"https:\/\/monaco-villas.fr\/fr\/","name":"Cannes Villas","description":"Monaco Villas Rental","publisher":{"@id":"https:\/\/monaco-villas.fr\/fr\/#organization"},"potentialAction":[{"@type":"SearchAction","target":{"@type":"EntryPoint","urlTemplate":"https:\/\/monaco-villas.fr\/fr\/?s={search_term_string}"},"query-input":{"@type":"PropertyValueSpecification","valueRequired":true,"valueName":"search_term_string"}}],"inLanguage":"fr-FR"},{"@type":"Organization","@id":"https:\/\/monaco-villas.fr\/fr\/#organization","name":"Cannes Villas","url":"https:\/\/monaco-villas.fr\/fr\/","logo":{"@type":"ImageObject","inLanguage":"fr-FR","@id":"https:\/\/monaco-villas.fr\/fr\/#\/schema\/logo\/image\/","url":"https:\/\/monaco-villas.fr\/wp-content\/uploads\/2022\/01\/Cannes-Villa-Logo.jpg","contentUrl":"https:\/\/monaco-villas.fr\/wp-content\/uploads\/2022\/01\/Cannes-Villa-Logo.jpg","width":1704,"height":1704,"caption":"Cannes Villas"},"image":{"@id":"https:\/\/monaco-villas.fr\/fr\/#\/schema\/logo\/image\/"}}]}},"distributor_meta":false,"distributor_terms":false,"distributor_media":false,"distributor_original_site_name":"Monaco Villas","distributor_original_site_url":"https:\/\/monaco-villas.fr\/fr\/","push-errors":false,"_links":{"self":[{"href":"https:\/\/monaco-villas.fr\/fr\/wp-json\/wp\/v2\/pages\/10274"}],"collection":[{"href":"https:\/\/monaco-villas.fr\/fr\/wp-json\/wp\/v2\/pages"}],"about":[{"href":"https:\/\/monaco-villas.fr\/fr\/wp-json\/wp\/v2\/types\/page"}],"author":[{"embeddable":true,"href":"https:\/\/monaco-villas.fr\/fr\/wp-json\/wp\/v2\/users\/2"}],"replies":[{"embeddable":true,"href":"https:\/\/monaco-villas.fr\/fr\/wp-json\/wp\/v2\/comments?post=10274"}],"version-history":[{"count":6,"href":"https:\/\/monaco-villas.fr\/fr\/wp-json\/wp\/v2\/pages\/10274\/revisions"}],"predecessor-version":[{"id":17336,"href":"https:\/\/monaco-villas.fr\/fr\/wp-json\/wp\/v2\/pages\/10274\/revisions\/17336"}],"wp:featuredmedia":[{"embeddable":true,"href":"https:\/\/monaco-villas.fr\/fr\/wp-json\/wp\/v2\/media\/7171"}],"wp:attachment":[{"href":"https:\/\/monaco-villas.fr\/fr\/wp-json\/wp\/v2\/media?parent=10274"}],"curies":[{"name":"wp","href":"https:\/\/api.w.org\/{rel}","templated":true}]}}