{"id":10919,"date":"2023-11-11T07:41:33","date_gmt":"2023-11-11T07:41:33","guid":{"rendered":"https:\/\/monaco-villas.fr\/lions-de-cannes\/"},"modified":"2026-04-23T12:28:45","modified_gmt":"2026-04-23T12:28:45","slug":"lions-de-cannes","status":"publish","type":"page","link":"https:\/\/monaco-villas.fr\/fr\/lions-de-cannes\/","title":{"rendered":"Masters de Monte-Carlo"},"content":{"rendered":"\t\t<div data-elementor-type=\"wp-page\" data-elementor-id=\"10919\" class=\"elementor elementor-10919 elementor-10913\" data-elementor-post-type=\"page\">\n\t\t\t\t\t\t<section class=\"elementor-section elementor-top-section elementor-element elementor-element-7775676 elementor-section-height-min-height elementor-section-boxed elementor-section-height-default elementor-section-items-middle\" data-id=\"7775676\" data-element_type=\"section\" data-e-type=\"section\" data-settings=\"{&quot;background_background&quot;:&quot;classic&quot;}\">\n\t\t\t\t\t\t<div class=\"elementor-container elementor-column-gap-default\">\n\t\t\t\t\t<div class=\"elementor-column elementor-col-100 elementor-top-column elementor-element elementor-element-9cb90af\" data-id=\"9cb90af\" data-element_type=\"column\" data-e-type=\"column\">\n\t\t\t<div class=\"elementor-widget-wrap elementor-element-populated\">\n\t\t\t\t\t\t<div class=\"elementor-element elementor-element-bc06590 elementor-widget elementor-widget-heading\" data-id=\"bc06590\" data-element_type=\"widget\" data-e-type=\"widget\" data-widget_type=\"heading.default\">\n\t\t\t\t<div class=\"elementor-widget-container\">\n\t\t\t\t\t<h2 class=\"elementor-heading-title elementor-size-default\">ma\u00eetres de monte-carlo<\/h2>\t\t\t\t<\/div>\n\t\t\t\t<\/div>\n\t\t\t\t\t<\/div>\n\t\t<\/div>\n\t\t\t\t\t<\/div>\n\t\t<\/section>\n\t\t\t\t<section class=\"elementor-section elementor-top-section elementor-element elementor-element-9da68ef elementor-section-boxed elementor-section-height-default elementor-section-height-default\" data-id=\"9da68ef\" data-element_type=\"section\" data-e-type=\"section\">\n\t\t\t\t\t\t<div class=\"elementor-container elementor-column-gap-default\">\n\t\t\t\t\t<div class=\"elementor-column elementor-col-100 elementor-top-column elementor-element elementor-element-6726422\" data-id=\"6726422\" data-element_type=\"column\" data-e-type=\"column\">\n\t\t\t<div class=\"elementor-widget-wrap elementor-element-populated\">\n\t\t\t\t\t\t<div class=\"elementor-element elementor-element-61f4c80 elementor-widget elementor-widget-heading\" data-id=\"61f4c80\" data-element_type=\"widget\" data-e-type=\"widget\" data-widget_type=\"heading.default\">\n\t\t\t\t<div class=\"elementor-widget-container\">\n\t\t\t\t\t<h1 class=\"elementor-heading-title elementor-size-default\">Monte-Carlo masters Villa Rental<\/h1>\t\t\t\t<\/div>\n\t\t\t\t<\/div>\n\t\t\t\t<div class=\"elementor-element elementor-element-f341bd7 elementor-widget elementor-widget-text-editor\" data-id=\"f341bd7\" data-element_type=\"widget\" data-e-type=\"widget\" data-widget_type=\"text-editor.default\">\n\t\t\t\t<div class=\"elementor-widget-container\">\n\t\t\t\t\t\t\t\t\t<p><span style=\"font-size: 15px;\">\u00c0 l&rsquo;approche du Masters de Monte-Carlo, la demande d&rsquo;h\u00e9bergement exceptionnel monte en fl\u00e8che. Notre collection de locations de villas \u00e0 Monaco offre une exp\u00e9rience exclusive et luxueuse con\u00e7ue pour les participants \u00e0 ce prestigieux \u00e9v\u00e9nement de tennis. Nich\u00e9es dans les endroits les plus pittoresques et les plus recherch\u00e9s de Monaco, ces villas sont plus qu&rsquo;un simple h\u00e9bergement ; elles sont le point de d\u00e9part d&rsquo;une exp\u00e9rience in\u00e9gal\u00e9e d&rsquo;\u00e9l\u00e9gance et de confort. Chaque propri\u00e9t\u00e9, qu&rsquo;il s&rsquo;agisse d&rsquo;un design contemporain \u00e9l\u00e9gant ou d&rsquo;un domaine m\u00e9diterran\u00e9en intemporel, est m\u00e9ticuleusement \u00e9quip\u00e9e d&rsquo;installations haut de gamme et con\u00e7ue pour r\u00e9pondre aux besoins uniques des passionn\u00e9s de sport et des leaders de l&rsquo;industrie. Ces villas sont parfaites pour accueillir des r\u00e9unions sophistiqu\u00e9es, profiter d&rsquo;une intimit\u00e9 sereine ou simplement s&rsquo;immerger dans le style de vie somptueux de la C\u00f4te d&rsquo;Azur. Avec un engagement d&rsquo;excellence, notre service assure une exp\u00e9rience transparente et raffin\u00e9e depuis la r\u00e9servation initiale jusqu&rsquo;\u00e0 l&rsquo;int\u00e9gralit\u00e9 de votre s\u00e9jour, en parfaite ad\u00e9quation avec la nature prestigieuse du Monte-Carlo Masters. Rehaussez votre exp\u00e9rience du tournoi avec un s\u00e9jour qui incarne le luxe, le confort et l&rsquo;exclusivit\u00e9.      <\/span><\/p>\t\t\t\t\t\t\t\t<\/div>\n\t\t\t\t<\/div>\n\t\t\t\t\t<\/div>\n\t\t<\/div>\n\t\t\t\t\t<\/div>\n\t\t<\/section>\n\t\t\t\t<section class=\"elementor-section elementor-top-section elementor-element elementor-element-70decb7 elementor-section-boxed elementor-section-height-default elementor-section-height-default\" data-id=\"70decb7\" data-element_type=\"section\" data-e-type=\"section\">\n\t\t\t\t\t\t<div class=\"elementor-container elementor-column-gap-default\">\n\t\t\t\t\t<div class=\"elementor-column elementor-col-100 elementor-top-column elementor-element elementor-element-8a6d6c1\" data-id=\"8a6d6c1\" data-element_type=\"column\" data-e-type=\"column\">\n\t\t\t<div class=\"elementor-widget-wrap elementor-element-populated\">\n\t\t\t\t\t\t<div class=\"elementor-element elementor-element-f5b93a2 elementor-widget elementor-widget-heading\" data-id=\"f5b93a2\" data-element_type=\"widget\" data-e-type=\"widget\" data-widget_type=\"heading.default\">\n\t\t\t\t<div class=\"elementor-widget-container\">\n\t\t\t\t\t<h3 class=\"elementor-heading-title elementor-size-default\">Villas \u00e0 louer pendant les masters de Monte-Carlo<\/h3>\t\t\t\t<\/div>\n\t\t\t\t<\/div>\n\t\t\t\t<div class=\"elementor-element elementor-element-1341b27 elementor-widget elementor-widget-text-editor\" data-id=\"1341b27\" data-element_type=\"widget\" data-e-type=\"widget\" data-widget_type=\"text-editor.default\">\n\t\t\t\t<div class=\"elementor-widget-container\">\n\t\t\t\t\t\t\t\t\t<p>Consultez notre s\u00e9lection des plus belles villas \u00e0 louer pendant les Masters de Monte-Carlo.<\/p>\t\t\t\t\t\t\t\t<\/div>\n\t\t\t\t<\/div>\n\t\t\t\t<div class=\"elementor-element elementor-element-99103da elementor-posts--align-center elementor-grid-3 elementor-grid-tablet-2 elementor-grid-mobile-1 elementor-posts--thumbnail-top elementor-card-shadow-yes elementor-posts__hover-gradient elementor-widget elementor-widget-posts\" data-id=\"99103da\" data-element_type=\"widget\" data-e-type=\"widget\" data-settings=\"{&quot;cards_masonry&quot;:&quot;yes&quot;,&quot;pagination_type&quot;:&quot;numbers&quot;,&quot;cards_columns&quot;:&quot;3&quot;,&quot;cards_columns_tablet&quot;:&quot;2&quot;,&quot;cards_columns_mobile&quot;:&quot;1&quot;,&quot;cards_row_gap&quot;:{&quot;unit&quot;:&quot;px&quot;,&quot;size&quot;:35,&quot;sizes&quot;:[]},&quot;cards_row_gap_tablet&quot;:{&quot;unit&quot;:&quot;px&quot;,&quot;size&quot;:&quot;&quot;,&quot;sizes&quot;:[]},&quot;cards_row_gap_mobile&quot;:{&quot;unit&quot;:&quot;px&quot;,&quot;size&quot;:&quot;&quot;,&quot;sizes&quot;:[]}}\" data-widget_type=\"posts.cards\">\n\t\t\t\t<div class=\"elementor-widget-container\">\n\t\t\t\t\t\t\t<div class=\"elementor-posts-container elementor-posts elementor-posts--skin-cards elementor-grid\">\n\t\t\t\t<article class=\"elementor-post elementor-grid-item post-18222 villas type-villas status-publish has-post-thumbnail hentry category-en-vedette category-luxe location-roquebrune-cap-martin amenities-garage amenities-pool amenities-staff amenities-wine-cellar event-monaco-grand-prix event-monte-carlo-masters entry\">\n\t\t\t<div class=\"elementor-post__card\">\n\t\t\t\t<a class=\"elementor-post__thumbnail__link\" href=\"https:\/\/monaco-villas.fr\/fr\/rentals\/villa-anabelle\/\" tabindex=\"-1\" ><div class=\"elementor-post__thumbnail\"><img fetchpriority=\"high\" decoding=\"async\" width=\"750\" height=\"500\" src=\"https:\/\/monaco-villas.fr\/wp-content\/uploads\/2024\/08\/Villa-Anabelle-7-768x512.jpg\" class=\"attachment-medium_large size-medium_large wp-image-16161\" alt=\"\" srcset=\"https:\/\/monaco-villas.fr\/wp-content\/uploads\/2024\/08\/Villa-Anabelle-7-768x512.jpg 768w, https:\/\/monaco-villas.fr\/wp-content\/uploads\/2024\/08\/Villa-Anabelle-7-300x200.jpg 300w, https:\/\/monaco-villas.fr\/wp-content\/uploads\/2024\/08\/Villa-Anabelle-7-1024x683.jpg 1024w, https:\/\/monaco-villas.fr\/wp-content\/uploads\/2024\/08\/Villa-Anabelle-7-1536x1024.jpg 1536w, https:\/\/monaco-villas.fr\/wp-content\/uploads\/2024\/08\/Villa-Anabelle-7-1568x1045.jpg 1568w, https:\/\/monaco-villas.fr\/wp-content\/uploads\/2024\/08\/Villa-Anabelle-7.jpg 1920w\" sizes=\"(max-width: 750px) 100vw, 750px\" style=\"width:100%;height:66.67%;max-width:1920px;\" \/><\/div><\/a>\n\t\t\t\t<div class=\"elementor-post__text\">\n\t\t\t\t<h3 class=\"elementor-post__title\">\n\t\t\t<a href=\"https:\/\/monaco-villas.fr\/fr\/rentals\/villa-anabelle\/\" >\n\t\t\t\tVilla Anabelle\t\t\t<\/a>\n\t\t<\/h3>\n\t\t\t\t<div class=\"elementor-post__excerpt\">\n\t\t\t<p>750m\u00b2 &#8211; 6 Chambres &#8211; POA<\/p>\n\t\t<\/div>\n\t\t\t\t<\/div>\n\t\t\t\t\t<\/div>\n\t\t<\/article>\n\t\t\t\t<\/div>\n\t\t\n\t\t\t\t\t\t<\/div>\n\t\t\t\t<\/div>\n\t\t\t\t\t<\/div>\n\t\t<\/div>\n\t\t\t\t\t<\/div>\n\t\t<\/section>\n\t\t\t\t<\/div>\n\t\t","protected":false},"excerpt":{"rendered":"<p>ma\u00eetres de monte-carlo Monte-Carlo masters Villa Rental \u00c0 l&rsquo;approche du Masters de Monte-Carlo, la demande d&rsquo;h\u00e9bergement exceptionnel monte en fl\u00e8che. Notre collection de locations de villas \u00e0 Monaco offre une exp\u00e9rience exclusive et luxueuse con\u00e7ue pour les participants \u00e0 ce prestigieux \u00e9v\u00e9nement de tennis. Nich\u00e9es dans les endroits les plus pittoresques et les plus recherch\u00e9s&hellip; <a class=\"more-link\" href=\"https:\/\/monaco-villas.fr\/fr\/rentals\/villa-anabelle\/\">Poursuivre la lecture <span class=\"screen-reader-text\">Villa Anabelle<\/span><\/a><\/p>\n","protected":false},"author":2,"featured_media":9661,"parent":0,"menu_order":0,"comment_status":"closed","ping_status":"closed","template":"elementor_header_footer","meta":{"_acf_changed":false,"footnotes":""},"class_list":["post-10919","page","type-page","status-publish","has-post-thumbnail","hentry","entry"],"acf":[],"yoast_head":"<!-- This site is optimized with the Yoast SEO plugin v24.5 - https:\/\/yoast.com\/wordpress\/plugins\/seo\/ -->\n<title>Monte-Carlo Masters Rentals - Monaco Villas.<\/title>\n<meta name=\"description\" content=\"D\u00e9couvrez vos prochaines villas \u00e0 louer pendant le Monte-Carlo Masters, et louez des villas de luxe pour recevoir vos invit\u00e9s pendant le tournoi de tennis.\" \/>\n<meta name=\"robots\" content=\"index, follow, max-snippet:-1, max-image-preview:large, max-video-preview:-1\" \/>\n<link rel=\"canonical\" href=\"https:\/\/monaco-villas.fr\/fr\/lions-de-cannes\/\" \/>\n<meta property=\"og:locale\" content=\"fr_FR\" \/>\n<meta property=\"og:type\" content=\"article\" \/>\n<meta property=\"og:title\" content=\"Monte-Carlo Masters Rentals - Monaco Villas.\" \/>\n<meta property=\"og:description\" content=\"D\u00e9couvrez vos prochaines villas \u00e0 louer pendant le Monte-Carlo Masters, et louez des villas de luxe pour recevoir vos invit\u00e9s pendant le tournoi de tennis.\" \/>\n<meta property=\"og:url\" content=\"https:\/\/monaco-villas.fr\/fr\/lions-de-cannes\/\" \/>\n<meta property=\"og:site_name\" content=\"Monaco Villas\" \/>\n<meta property=\"article:modified_time\" content=\"2026-04-23T12:28:45+00:00\" \/>\n<meta property=\"og:image\" content=\"https:\/\/monaco-villas.fr\/wp-content\/uploads\/2023\/10\/Penhtouse-for-rent-on-la-Croisette-with-a-Pool-1.jpg\" \/>\n\t<meta property=\"og:image:width\" content=\"1357\" \/>\n\t<meta property=\"og:image:height\" content=\"905\" \/>\n\t<meta property=\"og:image:type\" content=\"image\/jpeg\" \/>\n<meta name=\"twitter:card\" content=\"summary_large_image\" \/>\n<meta name=\"twitter:label1\" content=\"Dur\u00e9e de lecture estim\u00e9e\" \/>\n\t<meta name=\"twitter:data1\" content=\"1 minute\" \/>\n<script type=\"application\/ld+json\" class=\"yoast-schema-graph\">{\"@context\":\"https:\/\/schema.org\",\"@graph\":[{\"@type\":\"WebPage\",\"@id\":\"https:\/\/monaco-villas.fr\/fr\/lions-de-cannes\/\",\"url\":\"https:\/\/monaco-villas.fr\/fr\/lions-de-cannes\/\",\"name\":\"Monte-Carlo Masters Rentals - Monaco Villas.\",\"isPartOf\":{\"@id\":\"https:\/\/monaco-villas.fr\/fr\/#website\"},\"primaryImageOfPage\":{\"@id\":\"https:\/\/monaco-villas.fr\/fr\/lions-de-cannes\/#primaryimage\"},\"image\":{\"@id\":\"https:\/\/monaco-villas.fr\/fr\/lions-de-cannes\/#primaryimage\"},\"thumbnailUrl\":\"https:\/\/monaco-villas.fr\/wp-content\/uploads\/2023\/10\/Penhtouse-for-rent-on-la-Croisette-with-a-Pool-1.jpg\",\"datePublished\":\"2023-11-11T07:41:33+00:00\",\"dateModified\":\"2026-04-23T12:28:45+00:00\",\"description\":\"D\u00e9couvrez vos prochaines villas \u00e0 louer pendant le Monte-Carlo Masters, et louez des villas de luxe pour recevoir vos invit\u00e9s pendant le tournoi de tennis.\",\"breadcrumb\":{\"@id\":\"https:\/\/monaco-villas.fr\/fr\/lions-de-cannes\/#breadcrumb\"},\"inLanguage\":\"fr-FR\",\"potentialAction\":[{\"@type\":\"ReadAction\",\"target\":[\"https:\/\/monaco-villas.fr\/fr\/lions-de-cannes\/\"]}]},{\"@type\":\"ImageObject\",\"inLanguage\":\"fr-FR\",\"@id\":\"https:\/\/monaco-villas.fr\/fr\/lions-de-cannes\/#primaryimage\",\"url\":\"https:\/\/monaco-villas.fr\/wp-content\/uploads\/2023\/10\/Penhtouse-for-rent-on-la-Croisette-with-a-Pool-1.jpg\",\"contentUrl\":\"https:\/\/monaco-villas.fr\/wp-content\/uploads\/2023\/10\/Penhtouse-for-rent-on-la-Croisette-with-a-Pool-1.jpg\",\"width\":1357,\"height\":905},{\"@type\":\"BreadcrumbList\",\"@id\":\"https:\/\/monaco-villas.fr\/fr\/lions-de-cannes\/#breadcrumb\",\"itemListElement\":[{\"@type\":\"ListItem\",\"position\":1,\"name\":\"Home\",\"item\":\"https:\/\/monaco-villas.fr\/fr\/\"},{\"@type\":\"ListItem\",\"position\":2,\"name\":\"Masters de Monte-Carlo\"}]},{\"@type\":\"WebSite\",\"@id\":\"https:\/\/monaco-villas.fr\/fr\/#website\",\"url\":\"https:\/\/monaco-villas.fr\/fr\/\",\"name\":\"Cannes Villas\",\"description\":\"Monaco Villas Rental\",\"publisher\":{\"@id\":\"https:\/\/monaco-villas.fr\/fr\/#organization\"},\"potentialAction\":[{\"@type\":\"SearchAction\",\"target\":{\"@type\":\"EntryPoint\",\"urlTemplate\":\"https:\/\/monaco-villas.fr\/fr\/?s={search_term_string}\"},\"query-input\":{\"@type\":\"PropertyValueSpecification\",\"valueRequired\":true,\"valueName\":\"search_term_string\"}}],\"inLanguage\":\"fr-FR\"},{\"@type\":\"Organization\",\"@id\":\"https:\/\/monaco-villas.fr\/fr\/#organization\",\"name\":\"Cannes Villas\",\"url\":\"https:\/\/monaco-villas.fr\/fr\/\",\"logo\":{\"@type\":\"ImageObject\",\"inLanguage\":\"fr-FR\",\"@id\":\"https:\/\/monaco-villas.fr\/fr\/#\/schema\/logo\/image\/\",\"url\":\"https:\/\/monaco-villas.fr\/wp-content\/uploads\/2022\/01\/Cannes-Villa-Logo.jpg\",\"contentUrl\":\"https:\/\/monaco-villas.fr\/wp-content\/uploads\/2022\/01\/Cannes-Villa-Logo.jpg\",\"width\":1704,\"height\":1704,\"caption\":\"Cannes Villas\"},\"image\":{\"@id\":\"https:\/\/monaco-villas.fr\/fr\/#\/schema\/logo\/image\/\"}}]}<\/script>\n<!-- \/ Yoast SEO plugin. -->","yoast_head_json":{"title":"Monte-Carlo Masters Rentals - Monaco Villas.","description":"D\u00e9couvrez vos prochaines villas \u00e0 louer pendant le Monte-Carlo Masters, et louez des villas de luxe pour recevoir vos invit\u00e9s pendant le tournoi de tennis.","robots":{"index":"index","follow":"follow","max-snippet":"max-snippet:-1","max-image-preview":"max-image-preview:large","max-video-preview":"max-video-preview:-1"},"canonical":"https:\/\/monaco-villas.fr\/fr\/lions-de-cannes\/","og_locale":"fr_FR","og_type":"article","og_title":"Monte-Carlo Masters Rentals - Monaco Villas.","og_description":"D\u00e9couvrez vos prochaines villas \u00e0 louer pendant le Monte-Carlo Masters, et louez des villas de luxe pour recevoir vos invit\u00e9s pendant le tournoi de tennis.","og_url":"https:\/\/monaco-villas.fr\/fr\/lions-de-cannes\/","og_site_name":"Monaco Villas","article_modified_time":"2026-04-23T12:28:45+00:00","og_image":[{"width":1357,"height":905,"url":"https:\/\/monaco-villas.fr\/wp-content\/uploads\/2023\/10\/Penhtouse-for-rent-on-la-Croisette-with-a-Pool-1.jpg","type":"image\/jpeg"}],"twitter_card":"summary_large_image","twitter_misc":{"Dur\u00e9e de lecture estim\u00e9e":"1 minute"},"schema":{"@context":"https:\/\/schema.org","@graph":[{"@type":"WebPage","@id":"https:\/\/monaco-villas.fr\/fr\/lions-de-cannes\/","url":"https:\/\/monaco-villas.fr\/fr\/lions-de-cannes\/","name":"Monte-Carlo Masters Rentals - Monaco Villas.","isPartOf":{"@id":"https:\/\/monaco-villas.fr\/fr\/#website"},"primaryImageOfPage":{"@id":"https:\/\/monaco-villas.fr\/fr\/lions-de-cannes\/#primaryimage"},"image":{"@id":"https:\/\/monaco-villas.fr\/fr\/lions-de-cannes\/#primaryimage"},"thumbnailUrl":"https:\/\/monaco-villas.fr\/wp-content\/uploads\/2023\/10\/Penhtouse-for-rent-on-la-Croisette-with-a-Pool-1.jpg","datePublished":"2023-11-11T07:41:33+00:00","dateModified":"2026-04-23T12:28:45+00:00","description":"D\u00e9couvrez vos prochaines villas \u00e0 louer pendant le Monte-Carlo Masters, et louez des villas de luxe pour recevoir vos invit\u00e9s pendant le tournoi de tennis.","breadcrumb":{"@id":"https:\/\/monaco-villas.fr\/fr\/lions-de-cannes\/#breadcrumb"},"inLanguage":"fr-FR","potentialAction":[{"@type":"ReadAction","target":["https:\/\/monaco-villas.fr\/fr\/lions-de-cannes\/"]}]},{"@type":"ImageObject","inLanguage":"fr-FR","@id":"https:\/\/monaco-villas.fr\/fr\/lions-de-cannes\/#primaryimage","url":"https:\/\/monaco-villas.fr\/wp-content\/uploads\/2023\/10\/Penhtouse-for-rent-on-la-Croisette-with-a-Pool-1.jpg","contentUrl":"https:\/\/monaco-villas.fr\/wp-content\/uploads\/2023\/10\/Penhtouse-for-rent-on-la-Croisette-with-a-Pool-1.jpg","width":1357,"height":905},{"@type":"BreadcrumbList","@id":"https:\/\/monaco-villas.fr\/fr\/lions-de-cannes\/#breadcrumb","itemListElement":[{"@type":"ListItem","position":1,"name":"Home","item":"https:\/\/monaco-villas.fr\/fr\/"},{"@type":"ListItem","position":2,"name":"Masters de Monte-Carlo"}]},{"@type":"WebSite","@id":"https:\/\/monaco-villas.fr\/fr\/#website","url":"https:\/\/monaco-villas.fr\/fr\/","name":"Cannes Villas","description":"Monaco Villas Rental","publisher":{"@id":"https:\/\/monaco-villas.fr\/fr\/#organization"},"potentialAction":[{"@type":"SearchAction","target":{"@type":"EntryPoint","urlTemplate":"https:\/\/monaco-villas.fr\/fr\/?s={search_term_string}"},"query-input":{"@type":"PropertyValueSpecification","valueRequired":true,"valueName":"search_term_string"}}],"inLanguage":"fr-FR"},{"@type":"Organization","@id":"https:\/\/monaco-villas.fr\/fr\/#organization","name":"Cannes Villas","url":"https:\/\/monaco-villas.fr\/fr\/","logo":{"@type":"ImageObject","inLanguage":"fr-FR","@id":"https:\/\/monaco-villas.fr\/fr\/#\/schema\/logo\/image\/","url":"https:\/\/monaco-villas.fr\/wp-content\/uploads\/2022\/01\/Cannes-Villa-Logo.jpg","contentUrl":"https:\/\/monaco-villas.fr\/wp-content\/uploads\/2022\/01\/Cannes-Villa-Logo.jpg","width":1704,"height":1704,"caption":"Cannes Villas"},"image":{"@id":"https:\/\/monaco-villas.fr\/fr\/#\/schema\/logo\/image\/"}}]}},"distributor_meta":false,"distributor_terms":false,"distributor_media":false,"distributor_original_site_name":"Monaco Villas","distributor_original_site_url":"https:\/\/monaco-villas.fr\/fr\/","push-errors":false,"_links":{"self":[{"href":"https:\/\/monaco-villas.fr\/fr\/wp-json\/wp\/v2\/pages\/10919"}],"collection":[{"href":"https:\/\/monaco-villas.fr\/fr\/wp-json\/wp\/v2\/pages"}],"about":[{"href":"https:\/\/monaco-villas.fr\/fr\/wp-json\/wp\/v2\/types\/page"}],"author":[{"embeddable":true,"href":"https:\/\/monaco-villas.fr\/fr\/wp-json\/wp\/v2\/users\/2"}],"replies":[{"embeddable":true,"href":"https:\/\/monaco-villas.fr\/fr\/wp-json\/wp\/v2\/comments?post=10919"}],"version-history":[{"count":2,"href":"https:\/\/monaco-villas.fr\/fr\/wp-json\/wp\/v2\/pages\/10919\/revisions"}],"predecessor-version":[{"id":18264,"href":"https:\/\/monaco-villas.fr\/fr\/wp-json\/wp\/v2\/pages\/10919\/revisions\/18264"}],"wp:featuredmedia":[{"embeddable":true,"href":"https:\/\/monaco-villas.fr\/fr\/wp-json\/wp\/v2\/media\/9661"}],"wp:attachment":[{"href":"https:\/\/monaco-villas.fr\/fr\/wp-json\/wp\/v2\/media?parent=10919"}],"curies":[{"name":"wp","href":"https:\/\/api.w.org\/{rel}","templated":true}]}}