{"id":10948,"date":"2023-11-11T07:56:41","date_gmt":"2023-11-11T07:56:41","guid":{"rendered":"https:\/\/monaco-villas.fr\/mipim\/"},"modified":"2023-11-11T07:58:21","modified_gmt":"2023-11-11T07:58:21","slug":"mipim","status":"publish","type":"page","link":"https:\/\/monaco-villas.fr\/fr\/mipim\/","title":{"rendered":"MIPIM"},"content":{"rendered":"\t\t<div data-elementor-type=\"wp-page\" data-elementor-id=\"10948\" class=\"elementor elementor-10948\" data-elementor-post-type=\"page\">\n\t\t\t\t\t\t<section class=\"elementor-section elementor-top-section elementor-element elementor-element-7775676 elementor-section-height-min-height elementor-section-boxed elementor-section-height-default elementor-section-items-middle\" data-id=\"7775676\" data-element_type=\"section\" data-settings=\"{&quot;background_background&quot;:&quot;classic&quot;}\">\n\t\t\t\t\t\t<div class=\"elementor-container elementor-column-gap-default\">\n\t\t\t\t\t<div class=\"elementor-column elementor-col-100 elementor-top-column elementor-element elementor-element-9cb90af\" data-id=\"9cb90af\" data-element_type=\"column\">\n\t\t\t<div class=\"elementor-widget-wrap elementor-element-populated\">\n\t\t\t\t\t\t<div class=\"elementor-element elementor-element-bc06590 elementor-widget elementor-widget-heading\" data-id=\"bc06590\" data-element_type=\"widget\" data-widget_type=\"heading.default\">\n\t\t\t\t<div class=\"elementor-widget-container\">\n\t\t\t\t\t<h2 class=\"elementor-heading-title elementor-size-default\">MIPIM<\/h2>\t\t\t\t<\/div>\n\t\t\t\t<\/div>\n\t\t\t\t\t<\/div>\n\t\t<\/div>\n\t\t\t\t\t<\/div>\n\t\t<\/section>\n\t\t\t\t<section class=\"elementor-section elementor-top-section elementor-element elementor-element-9da68ef elementor-section-boxed elementor-section-height-default elementor-section-height-default\" data-id=\"9da68ef\" data-element_type=\"section\">\n\t\t\t\t\t\t<div class=\"elementor-container elementor-column-gap-default\">\n\t\t\t\t\t<div class=\"elementor-column elementor-col-100 elementor-top-column elementor-element elementor-element-6726422\" data-id=\"6726422\" data-element_type=\"column\">\n\t\t\t<div class=\"elementor-widget-wrap elementor-element-populated\">\n\t\t\t\t\t\t<div class=\"elementor-element elementor-element-61f4c80 elementor-widget elementor-widget-heading\" data-id=\"61f4c80\" data-element_type=\"widget\" data-widget_type=\"heading.default\">\n\t\t\t\t<div class=\"elementor-widget-container\">\n\t\t\t\t\t<h1 class=\"elementor-heading-title elementor-size-default\">Location de villas au MIPIM<\/h1>\t\t\t\t<\/div>\n\t\t\t\t<\/div>\n\t\t\t\t<div class=\"elementor-element elementor-element-f341bd7 elementor-widget elementor-widget-text-editor\" data-id=\"f341bd7\" data-element_type=\"widget\" data-widget_type=\"text-editor.default\">\n\t\t\t\t<div class=\"elementor-widget-container\">\n\t\t\t\t\t\t\t\t\t<p>Alors que le monde entier converge vers le c\u00e9l\u00e8bre MIPIM, le principal \u00e9v\u00e9nement international dans le domaine de l&rsquo;immobilier, la n\u00e9cessit\u00e9 d&rsquo;un h\u00e9bergement exceptionnel devient primordiale. Notre s\u00e9lection de locations de villas \u00e0 Cannes est sp\u00e9cialement con\u00e7ue pour r\u00e9pondre aux besoins des participants distingu\u00e9s du MIPIM. Situ\u00e9es dans les quartiers les plus pris\u00e9s de Cannes, ces villas ne sont pas seulement des lieux de s\u00e9jour, elles repr\u00e9sentent le summum du luxe et de l&rsquo;exclusivit\u00e9. Chaque propri\u00e9t\u00e9, qu&rsquo;il s&rsquo;agisse d&rsquo;un chef-d&rsquo;\u0153uvre moderne et \u00e9l\u00e9gant ou d&rsquo;un charmant domaine traditionnel, est dot\u00e9e des meilleurs \u00e9quipements, garantissant un s\u00e9jour alliant confort et \u00e9l\u00e9gance. Ces villas offrent un cadre id\u00e9al pour la constitution de r\u00e9seaux de haut niveau, les r\u00e9unions d&rsquo;affaires priv\u00e9es ou tout simplement pour se d\u00e9tendre dans l&rsquo;opulence apr\u00e8s une journ\u00e9e de conf\u00e9rences et d&rsquo;expositions passionnantes. Soucieux d&rsquo;offrir une exp\u00e9rience d&rsquo;une sophistication in\u00e9gal\u00e9e, notre service est transparent et professionnel, du processus de r\u00e9servation initial \u00e0 la fin de votre s\u00e9jour. Cet engagement en faveur de l&rsquo;excellence est en parfaite harmonie avec la nature prestigieuse et influente du MIPIM, garantissant que votre s\u00e9jour \u00e0 Cannes sera aussi marquant et m\u00e9morable que l&rsquo;\u00e9v\u00e9nement lui-m\u00eame. Optez pour un h\u00e9bergement qui refl\u00e8te la grandeur et l&rsquo;importance de votre pr\u00e9sence \u00e0 ce rassemblement mondial.<\/p>\n\t\t\t\t\t\t\t\t<\/div>\n\t\t\t\t<\/div>\n\t\t\t\t\t<\/div>\n\t\t<\/div>\n\t\t\t\t\t<\/div>\n\t\t<\/section>\n\t\t\t\t<section class=\"elementor-section elementor-top-section elementor-element elementor-element-70decb7 elementor-section-boxed elementor-section-height-default elementor-section-height-default\" data-id=\"70decb7\" data-element_type=\"section\">\n\t\t\t\t\t\t<div class=\"elementor-container elementor-column-gap-default\">\n\t\t\t\t\t<div class=\"elementor-column elementor-col-100 elementor-top-column elementor-element elementor-element-8a6d6c1\" data-id=\"8a6d6c1\" data-element_type=\"column\">\n\t\t\t<div class=\"elementor-widget-wrap elementor-element-populated\">\n\t\t\t\t\t\t<div class=\"elementor-element elementor-element-f5b93a2 elementor-widget elementor-widget-heading\" data-id=\"f5b93a2\" data-element_type=\"widget\" data-widget_type=\"heading.default\">\n\t\t\t\t<div class=\"elementor-widget-container\">\n\t\t\t\t\t<h3 class=\"elementor-heading-title elementor-size-default\">Villas \u00e0 louer pendant le MIPIM<\/h3>\t\t\t\t<\/div>\n\t\t\t\t<\/div>\n\t\t\t\t<div class=\"elementor-element elementor-element-1341b27 elementor-widget elementor-widget-text-editor\" data-id=\"1341b27\" data-element_type=\"widget\" data-widget_type=\"text-editor.default\">\n\t\t\t\t<div class=\"elementor-widget-container\">\n\t\t\t\t\t\t\t\t\t<p>Parcourez notre s\u00e9lection des plus belles villas \u00e0 louer pendant le MIPIM.<\/p>\n\t\t\t\t\t\t\t\t<\/div>\n\t\t\t\t<\/div>\n\t\t\t\t<div class=\"elementor-element elementor-element-99103da elementor-posts--align-center elementor-grid-3 elementor-grid-tablet-2 elementor-grid-mobile-1 elementor-posts--thumbnail-top elementor-card-shadow-yes elementor-posts__hover-gradient elementor-widget elementor-widget-posts\" data-id=\"99103da\" data-element_type=\"widget\" data-settings=\"{&quot;cards_masonry&quot;:&quot;yes&quot;,&quot;pagination_type&quot;:&quot;numbers&quot;,&quot;cards_columns&quot;:&quot;3&quot;,&quot;cards_columns_tablet&quot;:&quot;2&quot;,&quot;cards_columns_mobile&quot;:&quot;1&quot;,&quot;cards_row_gap&quot;:{&quot;unit&quot;:&quot;px&quot;,&quot;size&quot;:35,&quot;sizes&quot;:[]},&quot;cards_row_gap_tablet&quot;:{&quot;unit&quot;:&quot;px&quot;,&quot;size&quot;:&quot;&quot;,&quot;sizes&quot;:[]},&quot;cards_row_gap_mobile&quot;:{&quot;unit&quot;:&quot;px&quot;,&quot;size&quot;:&quot;&quot;,&quot;sizes&quot;:[]}}\" data-widget_type=\"posts.cards\">\n\t\t\t\t<div class=\"elementor-widget-container\">\n\t\t\t\t\t\t\t<div class=\"elementor-posts-container elementor-posts elementor-posts--skin-cards elementor-grid\">\n\t\t\t\t<article class=\"elementor-post elementor-grid-item post-17897 villas type-villas status-publish has-post-thumbnail hentry location-villefranche-sur-mer amenities-gym amenities-pool amenities-sauna entry\">\n\t\t\t<div class=\"elementor-post__card\">\n\t\t\t\t<a class=\"elementor-post__thumbnail__link\" href=\"https:\/\/monaco-villas.fr\/fr\/rentals\/villa-olivia\/\" tabindex=\"-1\" ><div class=\"elementor-post__thumbnail\"><img fetchpriority=\"high\" decoding=\"async\" width=\"750\" height=\"500\" src=\"https:\/\/monaco-villas.fr\/wp-content\/uploads\/2025\/03\/Villa-Olivia-768x512.png\" class=\"attachment-medium_large size-medium_large wp-image-17894\" alt=\"\" srcset=\"https:\/\/monaco-villas.fr\/wp-content\/uploads\/2025\/03\/Villa-Olivia-768x512.png 768w, https:\/\/monaco-villas.fr\/wp-content\/uploads\/2025\/03\/Villa-Olivia-300x200.png 300w, https:\/\/monaco-villas.fr\/wp-content\/uploads\/2025\/03\/Villa-Olivia.png 900w\" sizes=\"(max-width: 750px) 100vw, 750px\" style=\"width:100%;height:66.67%;max-width:900px;\" \/><\/div><\/a>\n\t\t\t\t<div class=\"elementor-post__text\">\n\t\t\t\t<h3 class=\"elementor-post__title\">\n\t\t\t<a href=\"https:\/\/monaco-villas.fr\/fr\/rentals\/villa-olivia\/\" >\n\t\t\t\tVilla Olivia\t\t\t<\/a>\n\t\t<\/h3>\n\t\t\t\t<div class=\"elementor-post__excerpt\">\n\t\t\t<p>425m\u00b2 &#8211; 5 Chambres &#8211; POA<\/p>\n\t\t<\/div>\n\t\t\t\t<\/div>\n\t\t\t\t\t<\/div>\n\t\t<\/article>\n\t\t\t\t<\/div>\n\t\t\n\t\t\t\t\t\t<\/div>\n\t\t\t\t<\/div>\n\t\t\t\t\t<\/div>\n\t\t<\/div>\n\t\t\t\t\t<\/div>\n\t\t<\/section>\n\t\t\t\t<\/div>\n\t\t","protected":false},"excerpt":{"rendered":"<p>MIPIM Location de villas au MIPIM Alors que le monde entier converge vers le c\u00e9l\u00e8bre MIPIM, le principal \u00e9v\u00e9nement international dans le domaine de l&rsquo;immobilier, la n\u00e9cessit\u00e9 d&rsquo;un h\u00e9bergement exceptionnel devient primordiale. Notre s\u00e9lection de locations de villas \u00e0 Cannes est sp\u00e9cialement con\u00e7ue pour r\u00e9pondre aux besoins des participants distingu\u00e9s du MIPIM. Situ\u00e9es dans les&hellip; <a class=\"more-link\" href=\"https:\/\/monaco-villas.fr\/fr\/rentals\/villa-olivia\/\">Poursuivre la lecture <span class=\"screen-reader-text\">Villa Olivia<\/span><\/a><\/p>\n","protected":false},"author":2,"featured_media":9661,"parent":0,"menu_order":0,"comment_status":"closed","ping_status":"closed","template":"","meta":{"_acf_changed":false,"footnotes":""},"class_list":["post-10948","page","type-page","status-publish","has-post-thumbnail","hentry","entry"],"acf":[],"yoast_head":"<!-- This site is optimized with the Yoast SEO plugin v24.5 - https:\/\/yoast.com\/wordpress\/plugins\/seo\/ -->\n<title>Location de villas au MIPIM - Monaco Villas<\/title>\n<meta name=\"description\" content=\"D\u00e9couvrez vos prochaines villas \u00e0 louer pendant le MIPIM et louez des villas de luxe pour recevoir vos invit\u00e9s pendant le festival.\" \/>\n<meta name=\"robots\" content=\"index, follow, max-snippet:-1, max-image-preview:large, max-video-preview:-1\" \/>\n<link rel=\"canonical\" href=\"https:\/\/monaco-villas.fr\/fr\/mipim\/\" \/>\n<meta property=\"og:locale\" content=\"fr_FR\" \/>\n<meta property=\"og:type\" content=\"article\" \/>\n<meta property=\"og:title\" content=\"Location de villas au MIPIM - Monaco Villas\" \/>\n<meta property=\"og:description\" content=\"D\u00e9couvrez vos prochaines villas \u00e0 louer pendant le MIPIM et louez des villas de luxe pour recevoir vos invit\u00e9s pendant le festival.\" \/>\n<meta property=\"og:url\" content=\"https:\/\/monaco-villas.fr\/fr\/mipim\/\" \/>\n<meta property=\"og:site_name\" content=\"Monaco Villas\" \/>\n<meta property=\"article:modified_time\" content=\"2023-11-11T07:58:21+00:00\" \/>\n<meta property=\"og:image\" content=\"https:\/\/monaco-villas.fr\/wp-content\/uploads\/2023\/10\/Penhtouse-for-rent-on-la-Croisette-with-a-Pool-1.jpg\" \/>\n\t<meta property=\"og:image:width\" content=\"1357\" \/>\n\t<meta property=\"og:image:height\" content=\"905\" \/>\n\t<meta property=\"og:image:type\" content=\"image\/jpeg\" \/>\n<meta name=\"twitter:card\" content=\"summary_large_image\" \/>\n<meta name=\"twitter:label1\" content=\"Dur\u00e9e de lecture estim\u00e9e\" \/>\n\t<meta name=\"twitter:data1\" content=\"1 minute\" \/>\n<script type=\"application\/ld+json\" class=\"yoast-schema-graph\">{\"@context\":\"https:\/\/schema.org\",\"@graph\":[{\"@type\":\"WebPage\",\"@id\":\"https:\/\/monaco-villas.fr\/fr\/mipim\/\",\"url\":\"https:\/\/monaco-villas.fr\/fr\/mipim\/\",\"name\":\"Location de villas au MIPIM - Monaco Villas\",\"isPartOf\":{\"@id\":\"https:\/\/monaco-villas.fr\/fr\/#website\"},\"primaryImageOfPage\":{\"@id\":\"https:\/\/monaco-villas.fr\/fr\/mipim\/#primaryimage\"},\"image\":{\"@id\":\"https:\/\/monaco-villas.fr\/fr\/mipim\/#primaryimage\"},\"thumbnailUrl\":\"https:\/\/monaco-villas.fr\/wp-content\/uploads\/2023\/10\/Penhtouse-for-rent-on-la-Croisette-with-a-Pool-1.jpg\",\"datePublished\":\"2023-11-11T07:56:41+00:00\",\"dateModified\":\"2023-11-11T07:58:21+00:00\",\"description\":\"D\u00e9couvrez vos prochaines villas \u00e0 louer pendant le MIPIM et louez des villas de luxe pour recevoir vos invit\u00e9s pendant le festival.\",\"breadcrumb\":{\"@id\":\"https:\/\/monaco-villas.fr\/fr\/mipim\/#breadcrumb\"},\"inLanguage\":\"fr-FR\",\"potentialAction\":[{\"@type\":\"ReadAction\",\"target\":[\"https:\/\/monaco-villas.fr\/fr\/mipim\/\"]}]},{\"@type\":\"ImageObject\",\"inLanguage\":\"fr-FR\",\"@id\":\"https:\/\/monaco-villas.fr\/fr\/mipim\/#primaryimage\",\"url\":\"https:\/\/monaco-villas.fr\/wp-content\/uploads\/2023\/10\/Penhtouse-for-rent-on-la-Croisette-with-a-Pool-1.jpg\",\"contentUrl\":\"https:\/\/monaco-villas.fr\/wp-content\/uploads\/2023\/10\/Penhtouse-for-rent-on-la-Croisette-with-a-Pool-1.jpg\",\"width\":1357,\"height\":905},{\"@type\":\"BreadcrumbList\",\"@id\":\"https:\/\/monaco-villas.fr\/fr\/mipim\/#breadcrumb\",\"itemListElement\":[{\"@type\":\"ListItem\",\"position\":1,\"name\":\"Home\",\"item\":\"https:\/\/monaco-villas.fr\/fr\/\"},{\"@type\":\"ListItem\",\"position\":2,\"name\":\"MIPIM\"}]},{\"@type\":\"WebSite\",\"@id\":\"https:\/\/monaco-villas.fr\/fr\/#website\",\"url\":\"https:\/\/monaco-villas.fr\/fr\/\",\"name\":\"Cannes Villas\",\"description\":\"Monaco Villas Rental\",\"publisher\":{\"@id\":\"https:\/\/monaco-villas.fr\/fr\/#organization\"},\"potentialAction\":[{\"@type\":\"SearchAction\",\"target\":{\"@type\":\"EntryPoint\",\"urlTemplate\":\"https:\/\/monaco-villas.fr\/fr\/?s={search_term_string}\"},\"query-input\":{\"@type\":\"PropertyValueSpecification\",\"valueRequired\":true,\"valueName\":\"search_term_string\"}}],\"inLanguage\":\"fr-FR\"},{\"@type\":\"Organization\",\"@id\":\"https:\/\/monaco-villas.fr\/fr\/#organization\",\"name\":\"Cannes Villas\",\"url\":\"https:\/\/monaco-villas.fr\/fr\/\",\"logo\":{\"@type\":\"ImageObject\",\"inLanguage\":\"fr-FR\",\"@id\":\"https:\/\/monaco-villas.fr\/fr\/#\/schema\/logo\/image\/\",\"url\":\"https:\/\/monaco-villas.fr\/wp-content\/uploads\/2022\/01\/Cannes-Villa-Logo.jpg\",\"contentUrl\":\"https:\/\/monaco-villas.fr\/wp-content\/uploads\/2022\/01\/Cannes-Villa-Logo.jpg\",\"width\":1704,\"height\":1704,\"caption\":\"Cannes Villas\"},\"image\":{\"@id\":\"https:\/\/monaco-villas.fr\/fr\/#\/schema\/logo\/image\/\"}}]}<\/script>\n<!-- \/ Yoast SEO plugin. -->","yoast_head_json":{"title":"Location de villas au MIPIM - Monaco Villas","description":"D\u00e9couvrez vos prochaines villas \u00e0 louer pendant le MIPIM et louez des villas de luxe pour recevoir vos invit\u00e9s pendant le festival.","robots":{"index":"index","follow":"follow","max-snippet":"max-snippet:-1","max-image-preview":"max-image-preview:large","max-video-preview":"max-video-preview:-1"},"canonical":"https:\/\/monaco-villas.fr\/fr\/mipim\/","og_locale":"fr_FR","og_type":"article","og_title":"Location de villas au MIPIM - Monaco Villas","og_description":"D\u00e9couvrez vos prochaines villas \u00e0 louer pendant le MIPIM et louez des villas de luxe pour recevoir vos invit\u00e9s pendant le festival.","og_url":"https:\/\/monaco-villas.fr\/fr\/mipim\/","og_site_name":"Monaco Villas","article_modified_time":"2023-11-11T07:58:21+00:00","og_image":[{"width":1357,"height":905,"url":"https:\/\/monaco-villas.fr\/wp-content\/uploads\/2023\/10\/Penhtouse-for-rent-on-la-Croisette-with-a-Pool-1.jpg","type":"image\/jpeg"}],"twitter_card":"summary_large_image","twitter_misc":{"Dur\u00e9e de lecture estim\u00e9e":"1 minute"},"schema":{"@context":"https:\/\/schema.org","@graph":[{"@type":"WebPage","@id":"https:\/\/monaco-villas.fr\/fr\/mipim\/","url":"https:\/\/monaco-villas.fr\/fr\/mipim\/","name":"Location de villas au MIPIM - Monaco Villas","isPartOf":{"@id":"https:\/\/monaco-villas.fr\/fr\/#website"},"primaryImageOfPage":{"@id":"https:\/\/monaco-villas.fr\/fr\/mipim\/#primaryimage"},"image":{"@id":"https:\/\/monaco-villas.fr\/fr\/mipim\/#primaryimage"},"thumbnailUrl":"https:\/\/monaco-villas.fr\/wp-content\/uploads\/2023\/10\/Penhtouse-for-rent-on-la-Croisette-with-a-Pool-1.jpg","datePublished":"2023-11-11T07:56:41+00:00","dateModified":"2023-11-11T07:58:21+00:00","description":"D\u00e9couvrez vos prochaines villas \u00e0 louer pendant le MIPIM et louez des villas de luxe pour recevoir vos invit\u00e9s pendant le festival.","breadcrumb":{"@id":"https:\/\/monaco-villas.fr\/fr\/mipim\/#breadcrumb"},"inLanguage":"fr-FR","potentialAction":[{"@type":"ReadAction","target":["https:\/\/monaco-villas.fr\/fr\/mipim\/"]}]},{"@type":"ImageObject","inLanguage":"fr-FR","@id":"https:\/\/monaco-villas.fr\/fr\/mipim\/#primaryimage","url":"https:\/\/monaco-villas.fr\/wp-content\/uploads\/2023\/10\/Penhtouse-for-rent-on-la-Croisette-with-a-Pool-1.jpg","contentUrl":"https:\/\/monaco-villas.fr\/wp-content\/uploads\/2023\/10\/Penhtouse-for-rent-on-la-Croisette-with-a-Pool-1.jpg","width":1357,"height":905},{"@type":"BreadcrumbList","@id":"https:\/\/monaco-villas.fr\/fr\/mipim\/#breadcrumb","itemListElement":[{"@type":"ListItem","position":1,"name":"Home","item":"https:\/\/monaco-villas.fr\/fr\/"},{"@type":"ListItem","position":2,"name":"MIPIM"}]},{"@type":"WebSite","@id":"https:\/\/monaco-villas.fr\/fr\/#website","url":"https:\/\/monaco-villas.fr\/fr\/","name":"Cannes Villas","description":"Monaco Villas Rental","publisher":{"@id":"https:\/\/monaco-villas.fr\/fr\/#organization"},"potentialAction":[{"@type":"SearchAction","target":{"@type":"EntryPoint","urlTemplate":"https:\/\/monaco-villas.fr\/fr\/?s={search_term_string}"},"query-input":{"@type":"PropertyValueSpecification","valueRequired":true,"valueName":"search_term_string"}}],"inLanguage":"fr-FR"},{"@type":"Organization","@id":"https:\/\/monaco-villas.fr\/fr\/#organization","name":"Cannes Villas","url":"https:\/\/monaco-villas.fr\/fr\/","logo":{"@type":"ImageObject","inLanguage":"fr-FR","@id":"https:\/\/monaco-villas.fr\/fr\/#\/schema\/logo\/image\/","url":"https:\/\/monaco-villas.fr\/wp-content\/uploads\/2022\/01\/Cannes-Villa-Logo.jpg","contentUrl":"https:\/\/monaco-villas.fr\/wp-content\/uploads\/2022\/01\/Cannes-Villa-Logo.jpg","width":1704,"height":1704,"caption":"Cannes Villas"},"image":{"@id":"https:\/\/monaco-villas.fr\/fr\/#\/schema\/logo\/image\/"}}]}},"distributor_meta":false,"distributor_terms":false,"distributor_media":false,"distributor_original_site_name":"Monaco Villas","distributor_original_site_url":"https:\/\/monaco-villas.fr\/fr\/","push-errors":false,"_links":{"self":[{"href":"https:\/\/monaco-villas.fr\/fr\/wp-json\/wp\/v2\/pages\/10948"}],"collection":[{"href":"https:\/\/monaco-villas.fr\/fr\/wp-json\/wp\/v2\/pages"}],"about":[{"href":"https:\/\/monaco-villas.fr\/fr\/wp-json\/wp\/v2\/types\/page"}],"author":[{"embeddable":true,"href":"https:\/\/monaco-villas.fr\/fr\/wp-json\/wp\/v2\/users\/2"}],"replies":[{"embeddable":true,"href":"https:\/\/monaco-villas.fr\/fr\/wp-json\/wp\/v2\/comments?post=10948"}],"version-history":[{"count":0,"href":"https:\/\/monaco-villas.fr\/fr\/wp-json\/wp\/v2\/pages\/10948\/revisions"}],"wp:featuredmedia":[{"embeddable":true,"href":"https:\/\/monaco-villas.fr\/fr\/wp-json\/wp\/v2\/media\/9661"}],"wp:attachment":[{"href":"https:\/\/monaco-villas.fr\/fr\/wp-json\/wp\/v2\/media?parent=10948"}],"curies":[{"name":"wp","href":"https:\/\/api.w.org\/{rel}","templated":true}]}}