{"id":11100,"date":"2023-11-11T08:16:20","date_gmt":"2023-11-11T08:16:20","guid":{"rendered":"https:\/\/monaco-villas.fr\/avec-le-tennis\/"},"modified":"2023-12-03T20:25:01","modified_gmt":"2023-12-03T20:25:01","slug":"avec-le-tennis","status":"publish","type":"page","link":"https:\/\/monaco-villas.fr\/fr\/avec-le-tennis\/","title":{"rendered":"Avec le tennis"},"content":{"rendered":"\t\t<div data-elementor-type=\"wp-page\" data-elementor-id=\"11100\" class=\"elementor elementor-11100 elementor-10966\" data-elementor-post-type=\"page\">\n\t\t\t\t\t\t<section class=\"elementor-section elementor-top-section elementor-element elementor-element-7775676 elementor-section-height-min-height elementor-section-boxed elementor-section-height-default elementor-section-items-middle\" data-id=\"7775676\" data-element_type=\"section\" data-settings=\"{&quot;background_background&quot;:&quot;classic&quot;}\">\n\t\t\t\t\t\t<div class=\"elementor-container elementor-column-gap-default\">\n\t\t\t\t\t<div class=\"elementor-column elementor-col-100 elementor-top-column elementor-element elementor-element-9cb90af\" data-id=\"9cb90af\" data-element_type=\"column\">\n\t\t\t<div class=\"elementor-widget-wrap elementor-element-populated\">\n\t\t\t\t\t\t<div class=\"elementor-element elementor-element-bc06590 elementor-widget elementor-widget-heading\" data-id=\"bc06590\" data-element_type=\"widget\" data-widget_type=\"heading.default\">\n\t\t\t\t<div class=\"elementor-widget-container\">\n\t\t\t\t\t<h1 class=\"elementor-heading-title elementor-size-default\">Locations avec tennis<\/h1>\t\t\t\t<\/div>\n\t\t\t\t<\/div>\n\t\t\t\t\t<\/div>\n\t\t<\/div>\n\t\t\t\t\t<\/div>\n\t\t<\/section>\n\t\t\t\t<section class=\"elementor-section elementor-top-section elementor-element elementor-element-9da68ef elementor-section-boxed elementor-section-height-default elementor-section-height-default\" data-id=\"9da68ef\" data-element_type=\"section\">\n\t\t\t\t\t\t<div class=\"elementor-container elementor-column-gap-default\">\n\t\t\t\t\t<div class=\"elementor-column elementor-col-100 elementor-top-column elementor-element elementor-element-6726422\" data-id=\"6726422\" data-element_type=\"column\">\n\t\t\t<div class=\"elementor-widget-wrap elementor-element-populated\">\n\t\t\t\t\t\t<div class=\"elementor-element elementor-element-61f4c80 elementor-widget elementor-widget-heading\" data-id=\"61f4c80\" data-element_type=\"widget\" data-widget_type=\"heading.default\">\n\t\t\t\t<div class=\"elementor-widget-container\">\n\t\t\t\t\t<h1 class=\"elementor-heading-title elementor-size-default\">Location villa Cannes avec Tennis<\/h1>\t\t\t\t<\/div>\n\t\t\t\t<\/div>\n\t\t\t\t<div class=\"elementor-element elementor-element-f341bd7 elementor-widget elementor-widget-text-editor\" data-id=\"f341bd7\" data-element_type=\"widget\" data-widget_type=\"text-editor.default\">\n\t\t\t\t<div class=\"elementor-widget-container\">\n\t\t\t\t\t\t\t\t\t<p>Pour ceux qui recherchent le summum du luxe et des loisirs actifs \u00e0 Cannes, nos locations de villas avec courts de tennis priv\u00e9s offrent une exp\u00e9rience in\u00e9gal\u00e9e. Ces propri\u00e9t\u00e9s exclusives, situ\u00e9es dans les quartiers les plus pittoresques et les plus prestigieux de Cannes, allient l&rsquo;opulence \u00e0 la joie du sport. Chaque villa est un t\u00e9moignage de luxe, avec non seulement un court de tennis ultramoderne, mais aussi des int\u00e9rieurs \u00e9l\u00e9gamment con\u00e7us, de vastes espaces ext\u00e9rieurs et des vues \u00e0 couper le souffle sur le paysage environnant. Que vous soyez un passionn\u00e9 de tennis souhaitant jouer dans l&rsquo;intimit\u00e9 de votre villa ou un invit\u00e9 appr\u00e9ciant le m\u00e9lange d&rsquo;activit\u00e9 sportive et de d\u00e9tente, ces villas r\u00e9pondent \u00e0 tous les d\u00e9sirs. L&rsquo;inclusion d&rsquo;un court de tennis priv\u00e9 ajoute une dimension unique \u00e0 votre s\u00e9jour, permettant de se divertir personnellement ou de recevoir des invit\u00e9s d&rsquo;une mani\u00e8re originale et attrayante. Notre service, vou\u00e9 \u00e0 l&rsquo;excellence, vous garantit une exp\u00e9rience sans faille, de la demande de renseignements \u00e0 la fin de votre s\u00e9jour. Cette combinaison d&rsquo;h\u00e9bergement de luxe et d&rsquo;installations sportives exclusives s&rsquo;aligne parfaitement sur les normes \u00e9lev\u00e9es de notre client\u00e8le exigeante, faisant de ces villas \u00e0 Cannes non seulement un lieu de s\u00e9jour, mais aussi un choix de style de vie pour une retraite m\u00e9morable et sophistiqu\u00e9e.<\/p>\n\t\t\t\t\t\t\t\t<\/div>\n\t\t\t\t<\/div>\n\t\t\t\t\t<\/div>\n\t\t<\/div>\n\t\t\t\t\t<\/div>\n\t\t<\/section>\n\t\t\t\t<section class=\"elementor-section elementor-top-section elementor-element elementor-element-70decb7 elementor-section-boxed elementor-section-height-default elementor-section-height-default\" data-id=\"70decb7\" data-element_type=\"section\">\n\t\t\t\t\t\t<div class=\"elementor-container elementor-column-gap-default\">\n\t\t\t\t\t<div class=\"elementor-column elementor-col-100 elementor-top-column elementor-element elementor-element-8a6d6c1\" data-id=\"8a6d6c1\" data-element_type=\"column\">\n\t\t\t<div class=\"elementor-widget-wrap elementor-element-populated\">\n\t\t\t\t\t\t<div class=\"elementor-element elementor-element-f5b93a2 elementor-widget elementor-widget-heading\" data-id=\"f5b93a2\" data-element_type=\"widget\" data-widget_type=\"heading.default\">\n\t\t\t\t<div class=\"elementor-widget-container\">\n\t\t\t\t\t<h3 class=\"elementor-heading-title elementor-size-default\">Villas \u00e0 louer avec Tennis<\/h3>\t\t\t\t<\/div>\n\t\t\t\t<\/div>\n\t\t\t\t<div class=\"elementor-element elementor-element-1341b27 elementor-widget elementor-widget-text-editor\" data-id=\"1341b27\" data-element_type=\"widget\" data-widget_type=\"text-editor.default\">\n\t\t\t\t<div class=\"elementor-widget-container\">\n\t\t\t\t\t\t\t\t\t<p>Parcourez notre s\u00e9lection des meilleures villas de luxe \u00e0 Cannes avec un tennis<span style=\"color: var(--global--color-primary);\">:<\/span><\/p>\n\t\t\t\t\t\t\t\t<\/div>\n\t\t\t\t<\/div>\n\t\t\t\t\t<\/div>\n\t\t<\/div>\n\t\t\t\t\t<\/div>\n\t\t<\/section>\n\t\t\t\t<\/div>\n\t\t","protected":false},"excerpt":{"rendered":"<p>Locations avec tennis Location villa Cannes avec Tennis Pour ceux qui recherchent le summum du luxe et des loisirs actifs \u00e0 Cannes, nos locations de villas avec courts de tennis priv\u00e9s offrent une exp\u00e9rience in\u00e9gal\u00e9e. Ces propri\u00e9t\u00e9s exclusives, situ\u00e9es dans les quartiers les plus pittoresques et les plus prestigieux de Cannes, allient l&rsquo;opulence \u00e0 la&hellip; <a class=\"more-link\" href=\"https:\/\/monaco-villas.fr\/fr\/avec-le-tennis\/\">Poursuivre la lecture <span class=\"screen-reader-text\">Avec le tennis<\/span><\/a><\/p>\n","protected":false},"author":2,"featured_media":9052,"parent":0,"menu_order":0,"comment_status":"closed","ping_status":"closed","template":"elementor_header_footer","meta":{"_acf_changed":false,"footnotes":""},"class_list":["post-11100","page","type-page","status-publish","has-post-thumbnail","hentry","entry"],"acf":[],"yoast_head":"<!-- This site is optimized with the Yoast SEO plugin v24.5 - https:\/\/yoast.com\/wordpress\/plugins\/seo\/ -->\n<title>Location de villa \u00e0 Cannes avec court de tennis - Monaco Villas.<\/title>\n<meta name=\"description\" content=\"D\u00e9couvrez votre prochaine location de villa \u00e0 Cannes avec un court de tennis pour les vacances d&#039;\u00e9t\u00e9 et louez une maison \u00e0 Cannes avec vos amis et votre famille.\" \/>\n<meta name=\"robots\" content=\"index, follow, max-snippet:-1, max-image-preview:large, max-video-preview:-1\" \/>\n<link rel=\"canonical\" href=\"https:\/\/monaco-villas.fr\/fr\/avec-le-tennis\/\" \/>\n<meta property=\"og:locale\" content=\"fr_FR\" \/>\n<meta property=\"og:type\" content=\"article\" \/>\n<meta property=\"og:title\" content=\"Location de villa \u00e0 Cannes avec court de tennis - Monaco Villas.\" \/>\n<meta property=\"og:description\" content=\"D\u00e9couvrez votre prochaine location de villa \u00e0 Cannes avec un court de tennis pour les vacances d&#039;\u00e9t\u00e9 et louez une maison \u00e0 Cannes avec vos amis et votre famille.\" \/>\n<meta property=\"og:url\" content=\"https:\/\/monaco-villas.fr\/fr\/avec-le-tennis\/\" \/>\n<meta property=\"og:site_name\" content=\"Monaco Villas\" \/>\n<meta property=\"article:modified_time\" content=\"2023-12-03T20:25:01+00:00\" \/>\n<meta property=\"og:image\" content=\"https:\/\/monaco-villas.fr\/wp-content\/uploads\/2023\/10\/Villa-Luja-for-rent-18.jpg\" \/>\n\t<meta property=\"og:image:width\" content=\"1500\" \/>\n\t<meta property=\"og:image:height\" content=\"1001\" \/>\n\t<meta property=\"og:image:type\" content=\"image\/jpeg\" \/>\n<meta name=\"twitter:card\" content=\"summary_large_image\" \/>\n<meta name=\"twitter:label1\" content=\"Dur\u00e9e de lecture estim\u00e9e\" \/>\n\t<meta name=\"twitter:data1\" content=\"1 minute\" \/>\n<script type=\"application\/ld+json\" class=\"yoast-schema-graph\">{\"@context\":\"https:\/\/schema.org\",\"@graph\":[{\"@type\":\"WebPage\",\"@id\":\"https:\/\/monaco-villas.fr\/fr\/avec-le-tennis\/\",\"url\":\"https:\/\/monaco-villas.fr\/fr\/avec-le-tennis\/\",\"name\":\"Location de villa \u00e0 Cannes avec court de tennis - Monaco Villas.\",\"isPartOf\":{\"@id\":\"https:\/\/monaco-villas.fr\/fr\/#website\"},\"primaryImageOfPage\":{\"@id\":\"https:\/\/monaco-villas.fr\/fr\/avec-le-tennis\/#primaryimage\"},\"image\":{\"@id\":\"https:\/\/monaco-villas.fr\/fr\/avec-le-tennis\/#primaryimage\"},\"thumbnailUrl\":\"https:\/\/monaco-villas.fr\/wp-content\/uploads\/2023\/10\/Villa-Luja-for-rent-18.jpg\",\"datePublished\":\"2023-11-11T08:16:20+00:00\",\"dateModified\":\"2023-12-03T20:25:01+00:00\",\"description\":\"D\u00e9couvrez votre prochaine location de villa \u00e0 Cannes avec un court de tennis pour les vacances d'\u00e9t\u00e9 et louez une maison \u00e0 Cannes avec vos amis et votre famille.\",\"breadcrumb\":{\"@id\":\"https:\/\/monaco-villas.fr\/fr\/avec-le-tennis\/#breadcrumb\"},\"inLanguage\":\"fr-FR\",\"potentialAction\":[{\"@type\":\"ReadAction\",\"target\":[\"https:\/\/monaco-villas.fr\/fr\/avec-le-tennis\/\"]}]},{\"@type\":\"ImageObject\",\"inLanguage\":\"fr-FR\",\"@id\":\"https:\/\/monaco-villas.fr\/fr\/avec-le-tennis\/#primaryimage\",\"url\":\"https:\/\/monaco-villas.fr\/wp-content\/uploads\/2023\/10\/Villa-Luja-for-rent-18.jpg\",\"contentUrl\":\"https:\/\/monaco-villas.fr\/wp-content\/uploads\/2023\/10\/Villa-Luja-for-rent-18.jpg\",\"width\":1500,\"height\":1001},{\"@type\":\"BreadcrumbList\",\"@id\":\"https:\/\/monaco-villas.fr\/fr\/avec-le-tennis\/#breadcrumb\",\"itemListElement\":[{\"@type\":\"ListItem\",\"position\":1,\"name\":\"Home\",\"item\":\"https:\/\/monaco-villas.fr\/fr\/\"},{\"@type\":\"ListItem\",\"position\":2,\"name\":\"Avec le tennis\"}]},{\"@type\":\"WebSite\",\"@id\":\"https:\/\/monaco-villas.fr\/fr\/#website\",\"url\":\"https:\/\/monaco-villas.fr\/fr\/\",\"name\":\"Cannes Villas\",\"description\":\"Monaco Villas Rental\",\"publisher\":{\"@id\":\"https:\/\/monaco-villas.fr\/fr\/#organization\"},\"potentialAction\":[{\"@type\":\"SearchAction\",\"target\":{\"@type\":\"EntryPoint\",\"urlTemplate\":\"https:\/\/monaco-villas.fr\/fr\/?s={search_term_string}\"},\"query-input\":{\"@type\":\"PropertyValueSpecification\",\"valueRequired\":true,\"valueName\":\"search_term_string\"}}],\"inLanguage\":\"fr-FR\"},{\"@type\":\"Organization\",\"@id\":\"https:\/\/monaco-villas.fr\/fr\/#organization\",\"name\":\"Cannes Villas\",\"url\":\"https:\/\/monaco-villas.fr\/fr\/\",\"logo\":{\"@type\":\"ImageObject\",\"inLanguage\":\"fr-FR\",\"@id\":\"https:\/\/monaco-villas.fr\/fr\/#\/schema\/logo\/image\/\",\"url\":\"https:\/\/monaco-villas.fr\/wp-content\/uploads\/2022\/01\/Cannes-Villa-Logo.jpg\",\"contentUrl\":\"https:\/\/monaco-villas.fr\/wp-content\/uploads\/2022\/01\/Cannes-Villa-Logo.jpg\",\"width\":1704,\"height\":1704,\"caption\":\"Cannes Villas\"},\"image\":{\"@id\":\"https:\/\/monaco-villas.fr\/fr\/#\/schema\/logo\/image\/\"}}]}<\/script>\n<!-- \/ Yoast SEO plugin. -->","yoast_head_json":{"title":"Location de villa \u00e0 Cannes avec court de tennis - Monaco Villas.","description":"D\u00e9couvrez votre prochaine location de villa \u00e0 Cannes avec un court de tennis pour les vacances d'\u00e9t\u00e9 et louez une maison \u00e0 Cannes avec vos amis et votre famille.","robots":{"index":"index","follow":"follow","max-snippet":"max-snippet:-1","max-image-preview":"max-image-preview:large","max-video-preview":"max-video-preview:-1"},"canonical":"https:\/\/monaco-villas.fr\/fr\/avec-le-tennis\/","og_locale":"fr_FR","og_type":"article","og_title":"Location de villa \u00e0 Cannes avec court de tennis - Monaco Villas.","og_description":"D\u00e9couvrez votre prochaine location de villa \u00e0 Cannes avec un court de tennis pour les vacances d'\u00e9t\u00e9 et louez une maison \u00e0 Cannes avec vos amis et votre famille.","og_url":"https:\/\/monaco-villas.fr\/fr\/avec-le-tennis\/","og_site_name":"Monaco Villas","article_modified_time":"2023-12-03T20:25:01+00:00","og_image":[{"width":1500,"height":1001,"url":"https:\/\/monaco-villas.fr\/wp-content\/uploads\/2023\/10\/Villa-Luja-for-rent-18.jpg","type":"image\/jpeg"}],"twitter_card":"summary_large_image","twitter_misc":{"Dur\u00e9e de lecture estim\u00e9e":"1 minute"},"schema":{"@context":"https:\/\/schema.org","@graph":[{"@type":"WebPage","@id":"https:\/\/monaco-villas.fr\/fr\/avec-le-tennis\/","url":"https:\/\/monaco-villas.fr\/fr\/avec-le-tennis\/","name":"Location de villa \u00e0 Cannes avec court de tennis - Monaco Villas.","isPartOf":{"@id":"https:\/\/monaco-villas.fr\/fr\/#website"},"primaryImageOfPage":{"@id":"https:\/\/monaco-villas.fr\/fr\/avec-le-tennis\/#primaryimage"},"image":{"@id":"https:\/\/monaco-villas.fr\/fr\/avec-le-tennis\/#primaryimage"},"thumbnailUrl":"https:\/\/monaco-villas.fr\/wp-content\/uploads\/2023\/10\/Villa-Luja-for-rent-18.jpg","datePublished":"2023-11-11T08:16:20+00:00","dateModified":"2023-12-03T20:25:01+00:00","description":"D\u00e9couvrez votre prochaine location de villa \u00e0 Cannes avec un court de tennis pour les vacances d'\u00e9t\u00e9 et louez une maison \u00e0 Cannes avec vos amis et votre famille.","breadcrumb":{"@id":"https:\/\/monaco-villas.fr\/fr\/avec-le-tennis\/#breadcrumb"},"inLanguage":"fr-FR","potentialAction":[{"@type":"ReadAction","target":["https:\/\/monaco-villas.fr\/fr\/avec-le-tennis\/"]}]},{"@type":"ImageObject","inLanguage":"fr-FR","@id":"https:\/\/monaco-villas.fr\/fr\/avec-le-tennis\/#primaryimage","url":"https:\/\/monaco-villas.fr\/wp-content\/uploads\/2023\/10\/Villa-Luja-for-rent-18.jpg","contentUrl":"https:\/\/monaco-villas.fr\/wp-content\/uploads\/2023\/10\/Villa-Luja-for-rent-18.jpg","width":1500,"height":1001},{"@type":"BreadcrumbList","@id":"https:\/\/monaco-villas.fr\/fr\/avec-le-tennis\/#breadcrumb","itemListElement":[{"@type":"ListItem","position":1,"name":"Home","item":"https:\/\/monaco-villas.fr\/fr\/"},{"@type":"ListItem","position":2,"name":"Avec le tennis"}]},{"@type":"WebSite","@id":"https:\/\/monaco-villas.fr\/fr\/#website","url":"https:\/\/monaco-villas.fr\/fr\/","name":"Cannes Villas","description":"Monaco Villas Rental","publisher":{"@id":"https:\/\/monaco-villas.fr\/fr\/#organization"},"potentialAction":[{"@type":"SearchAction","target":{"@type":"EntryPoint","urlTemplate":"https:\/\/monaco-villas.fr\/fr\/?s={search_term_string}"},"query-input":{"@type":"PropertyValueSpecification","valueRequired":true,"valueName":"search_term_string"}}],"inLanguage":"fr-FR"},{"@type":"Organization","@id":"https:\/\/monaco-villas.fr\/fr\/#organization","name":"Cannes Villas","url":"https:\/\/monaco-villas.fr\/fr\/","logo":{"@type":"ImageObject","inLanguage":"fr-FR","@id":"https:\/\/monaco-villas.fr\/fr\/#\/schema\/logo\/image\/","url":"https:\/\/monaco-villas.fr\/wp-content\/uploads\/2022\/01\/Cannes-Villa-Logo.jpg","contentUrl":"https:\/\/monaco-villas.fr\/wp-content\/uploads\/2022\/01\/Cannes-Villa-Logo.jpg","width":1704,"height":1704,"caption":"Cannes Villas"},"image":{"@id":"https:\/\/monaco-villas.fr\/fr\/#\/schema\/logo\/image\/"}}]}},"distributor_meta":false,"distributor_terms":false,"distributor_media":false,"distributor_original_site_name":"Monaco Villas","distributor_original_site_url":"https:\/\/monaco-villas.fr\/fr\/","push-errors":false,"_links":{"self":[{"href":"https:\/\/monaco-villas.fr\/fr\/wp-json\/wp\/v2\/pages\/11100"}],"collection":[{"href":"https:\/\/monaco-villas.fr\/fr\/wp-json\/wp\/v2\/pages"}],"about":[{"href":"https:\/\/monaco-villas.fr\/fr\/wp-json\/wp\/v2\/types\/page"}],"author":[{"embeddable":true,"href":"https:\/\/monaco-villas.fr\/fr\/wp-json\/wp\/v2\/users\/2"}],"replies":[{"embeddable":true,"href":"https:\/\/monaco-villas.fr\/fr\/wp-json\/wp\/v2\/comments?post=11100"}],"version-history":[{"count":0,"href":"https:\/\/monaco-villas.fr\/fr\/wp-json\/wp\/v2\/pages\/11100\/revisions"}],"wp:featuredmedia":[{"embeddable":true,"href":"https:\/\/monaco-villas.fr\/fr\/wp-json\/wp\/v2\/media\/9052"}],"wp:attachment":[{"href":"https:\/\/monaco-villas.fr\/fr\/wp-json\/wp\/v2\/media?parent=11100"}],"curies":[{"name":"wp","href":"https:\/\/api.w.org\/{rel}","templated":true}]}}