{"id":11104,"date":"2023-11-11T08:08:31","date_gmt":"2023-11-11T08:08:31","guid":{"rendered":"https:\/\/monaco-villas.fr\/festival-de-la-plaisance-de-cannes\/"},"modified":"2023-12-03T20:25:15","modified_gmt":"2023-12-03T20:25:15","slug":"festival-de-la-plaisance-de-cannes","status":"publish","type":"page","link":"https:\/\/monaco-villas.fr\/fr\/festival-de-la-plaisance-de-cannes\/","title":{"rendered":"Festival de la plaisance de Cannes"},"content":{"rendered":"\t\t<div data-elementor-type=\"wp-page\" data-elementor-id=\"11104\" class=\"elementor elementor-11104 elementor-10960\" data-elementor-post-type=\"page\">\n\t\t\t\t\t\t<section class=\"elementor-section elementor-top-section elementor-element elementor-element-7775676 elementor-section-height-min-height elementor-section-boxed elementor-section-height-default elementor-section-items-middle\" data-id=\"7775676\" data-element_type=\"section\" data-settings=\"{&quot;background_background&quot;:&quot;classic&quot;}\">\n\t\t\t\t\t\t<div class=\"elementor-container elementor-column-gap-default\">\n\t\t\t\t\t<div class=\"elementor-column elementor-col-100 elementor-top-column elementor-element elementor-element-9cb90af\" data-id=\"9cb90af\" data-element_type=\"column\">\n\t\t\t<div class=\"elementor-widget-wrap elementor-element-populated\">\n\t\t\t\t\t\t<div class=\"elementor-element elementor-element-bc06590 elementor-widget elementor-widget-heading\" data-id=\"bc06590\" data-element_type=\"widget\" data-widget_type=\"heading.default\">\n\t\t\t\t<div class=\"elementor-widget-container\">\n\t\t\t\t\t<h2 class=\"elementor-heading-title elementor-size-default\">Festival de la plaisance de Canne<\/h2>\t\t\t\t<\/div>\n\t\t\t\t<\/div>\n\t\t\t\t\t<\/div>\n\t\t<\/div>\n\t\t\t\t\t<\/div>\n\t\t<\/section>\n\t\t\t\t<section class=\"elementor-section elementor-top-section elementor-element elementor-element-9da68ef elementor-section-boxed elementor-section-height-default elementor-section-height-default\" data-id=\"9da68ef\" data-element_type=\"section\">\n\t\t\t\t\t\t<div class=\"elementor-container elementor-column-gap-default\">\n\t\t\t\t\t<div class=\"elementor-column elementor-col-100 elementor-top-column elementor-element elementor-element-6726422\" data-id=\"6726422\" data-element_type=\"column\">\n\t\t\t<div class=\"elementor-widget-wrap elementor-element-populated\">\n\t\t\t\t\t\t<div class=\"elementor-element elementor-element-61f4c80 elementor-widget elementor-widget-heading\" data-id=\"61f4c80\" data-element_type=\"widget\" data-widget_type=\"heading.default\">\n\t\t\t\t<div class=\"elementor-widget-container\">\n\t\t\t\t\t<h1 class=\"elementor-heading-title elementor-size-default\">Location de villa pour le Festival de la Plaisance de Cannes<\/h1>\t\t\t\t<\/div>\n\t\t\t\t<\/div>\n\t\t\t\t<div class=\"elementor-element elementor-element-f341bd7 elementor-widget elementor-widget-text-editor\" data-id=\"f341bd7\" data-element_type=\"widget\" data-widget_type=\"text-editor.default\">\n\t\t\t\t<div class=\"elementor-widget-container\">\n\t\t\t\t\t\t\t\t\t<p>En pr\u00e9vision du Festival de la Plaisance de Cannes, l&rsquo;un des \u00e9v\u00e9nements les plus prestigieux de l&rsquo;industrie nautique, le choix d&rsquo;un h\u00e9bergement ad\u00e9quat est crucial pour une exp\u00e9rience enrichissante. Notre gamme exclusive de locations de villas \u00e0 Cannes est sp\u00e9cialement con\u00e7ue pour r\u00e9pondre aux besoins des participants \u00e0 cet illustre \u00e9v\u00e9nement. Situ\u00e9es dans les endroits les plus convoit\u00e9s de Cannes, ces villas sont des symboles de luxe et d&rsquo;exclusivit\u00e9, offrant bien plus qu&rsquo;un simple lieu de s\u00e9jour. Chaque villa, qu&rsquo;il s&rsquo;agisse d&rsquo;un joyau de design moderne ou d&rsquo;un havre m\u00e9diterran\u00e9en traditionnel, est dot\u00e9e d&rsquo;\u00e9quipements de premi\u00e8re qualit\u00e9, garantissant un s\u00e9jour qui incarne le confort et l&rsquo;\u00e9l\u00e9gance. Id\u00e9ales pour organiser des r\u00e9unions sophistiqu\u00e9es, mener des discussions d&rsquo;affaires priv\u00e9es ou simplement se laisser aller au luxe serein apr\u00e8s une journ\u00e9e pass\u00e9e \u00e0 explorer les plus beaux yachts, nos villas offrent un cadre in\u00e9gal\u00e9. Nous nous engageons \u00e0 offrir une exp\u00e9rience de premier ordre, avec un service professionnel et sans faille, de la r\u00e9servation au d\u00e9part. Ce d\u00e9vouement s&rsquo;aligne sur les normes \u00e9lev\u00e9es du Festival de la Plaisance de Cannes, garantissant que votre s\u00e9jour \u00e0 Cannes soit aussi remarquable et prestigieux que l&rsquo;\u00e9v\u00e9nement lui-m\u00eame. Choisissez une r\u00e9sidence qui ne se contente pas de r\u00e9pondre aux attentes d&rsquo;un \u00e9v\u00e9nement de ce calibre, mais qui les d\u00e9passe, en incarnant l&rsquo;essence du luxe et de l&rsquo;exclusivit\u00e9 \u00e0 chaque instant.<\/p>\n\t\t\t\t\t\t\t\t<\/div>\n\t\t\t\t<\/div>\n\t\t\t\t\t<\/div>\n\t\t<\/div>\n\t\t\t\t\t<\/div>\n\t\t<\/section>\n\t\t\t\t<section class=\"elementor-section elementor-top-section elementor-element elementor-element-70decb7 elementor-section-boxed elementor-section-height-default elementor-section-height-default\" data-id=\"70decb7\" data-element_type=\"section\">\n\t\t\t\t\t\t<div class=\"elementor-container elementor-column-gap-default\">\n\t\t\t\t\t<div class=\"elementor-column elementor-col-100 elementor-top-column elementor-element elementor-element-8a6d6c1\" data-id=\"8a6d6c1\" data-element_type=\"column\">\n\t\t\t<div class=\"elementor-widget-wrap elementor-element-populated\">\n\t\t\t\t\t\t<div class=\"elementor-element elementor-element-f5b93a2 elementor-widget elementor-widget-heading\" data-id=\"f5b93a2\" data-element_type=\"widget\" data-widget_type=\"heading.default\">\n\t\t\t\t<div class=\"elementor-widget-container\">\n\t\t\t\t\t<h3 class=\"elementor-heading-title elementor-size-default\">Villas \u00e0 louer pendant le Festival de la Plaisance de Cannes<\/h3>\t\t\t\t<\/div>\n\t\t\t\t<\/div>\n\t\t\t\t<div class=\"elementor-element elementor-element-1341b27 elementor-widget elementor-widget-text-editor\" data-id=\"1341b27\" data-element_type=\"widget\" data-widget_type=\"text-editor.default\">\n\t\t\t\t<div class=\"elementor-widget-container\">\n\t\t\t\t\t\t\t\t\t<p>D\u00e9couvrez notre s\u00e9lection des plus belles villas \u00e0 louer pendant le Festival de la Plaisance de Cannes.<\/p>\n\t\t\t\t\t\t\t\t<\/div>\n\t\t\t\t<\/div>\n\t\t\t\t<div class=\"elementor-element elementor-element-99103da elementor-posts--align-center elementor-grid-3 elementor-grid-tablet-2 elementor-grid-mobile-1 elementor-posts--thumbnail-top elementor-card-shadow-yes elementor-posts__hover-gradient elementor-widget elementor-widget-posts\" data-id=\"99103da\" data-element_type=\"widget\" data-settings=\"{&quot;cards_masonry&quot;:&quot;yes&quot;,&quot;pagination_type&quot;:&quot;numbers&quot;,&quot;cards_columns&quot;:&quot;3&quot;,&quot;cards_columns_tablet&quot;:&quot;2&quot;,&quot;cards_columns_mobile&quot;:&quot;1&quot;,&quot;cards_row_gap&quot;:{&quot;unit&quot;:&quot;px&quot;,&quot;size&quot;:35,&quot;sizes&quot;:[]},&quot;cards_row_gap_tablet&quot;:{&quot;unit&quot;:&quot;px&quot;,&quot;size&quot;:&quot;&quot;,&quot;sizes&quot;:[]},&quot;cards_row_gap_mobile&quot;:{&quot;unit&quot;:&quot;px&quot;,&quot;size&quot;:&quot;&quot;,&quot;sizes&quot;:[]}}\" data-widget_type=\"posts.cards\">\n\t\t\t\t<div class=\"elementor-widget-container\">\n\t\t\t\t\t\t\t<div class=\"elementor-posts-container elementor-posts elementor-posts--skin-cards elementor-grid\">\n\t\t\t\t<article class=\"elementor-post elementor-grid-item post-17897 villas type-villas status-publish has-post-thumbnail hentry location-villefranche-sur-mer amenities-gym amenities-pool amenities-sauna entry\">\n\t\t\t<div class=\"elementor-post__card\">\n\t\t\t\t<a class=\"elementor-post__thumbnail__link\" href=\"https:\/\/monaco-villas.fr\/fr\/rentals\/villa-olivia\/\" tabindex=\"-1\" ><div class=\"elementor-post__thumbnail\"><img fetchpriority=\"high\" decoding=\"async\" width=\"750\" height=\"500\" src=\"https:\/\/monaco-villas.fr\/wp-content\/uploads\/2025\/03\/Villa-Olivia-768x512.png\" class=\"attachment-medium_large size-medium_large wp-image-17894\" alt=\"\" srcset=\"https:\/\/monaco-villas.fr\/wp-content\/uploads\/2025\/03\/Villa-Olivia-768x512.png 768w, https:\/\/monaco-villas.fr\/wp-content\/uploads\/2025\/03\/Villa-Olivia-300x200.png 300w, https:\/\/monaco-villas.fr\/wp-content\/uploads\/2025\/03\/Villa-Olivia.png 900w\" sizes=\"(max-width: 750px) 100vw, 750px\" style=\"width:100%;height:66.67%;max-width:900px;\" \/><\/div><\/a>\n\t\t\t\t<div class=\"elementor-post__text\">\n\t\t\t\t<h3 class=\"elementor-post__title\">\n\t\t\t<a href=\"https:\/\/monaco-villas.fr\/fr\/rentals\/villa-olivia\/\" >\n\t\t\t\tVilla Olivia\t\t\t<\/a>\n\t\t<\/h3>\n\t\t\t\t<div class=\"elementor-post__excerpt\">\n\t\t\t<p>425m\u00b2 &#8211; 5 Chambres &#8211; POA<\/p>\n\t\t<\/div>\n\t\t\t\t<\/div>\n\t\t\t\t\t<\/div>\n\t\t<\/article>\n\t\t\t\t<\/div>\n\t\t\n\t\t\t\t\t\t<\/div>\n\t\t\t\t<\/div>\n\t\t\t\t\t<\/div>\n\t\t<\/div>\n\t\t\t\t\t<\/div>\n\t\t<\/section>\n\t\t\t\t<\/div>\n\t\t","protected":false},"excerpt":{"rendered":"<p>Festival de la plaisance de Canne Location de villa pour le Festival de la Plaisance de Cannes En pr\u00e9vision du Festival de la Plaisance de Cannes, l&rsquo;un des \u00e9v\u00e9nements les plus prestigieux de l&rsquo;industrie nautique, le choix d&rsquo;un h\u00e9bergement ad\u00e9quat est crucial pour une exp\u00e9rience enrichissante. Notre gamme exclusive de locations de villas \u00e0 Cannes&hellip; <a class=\"more-link\" href=\"https:\/\/monaco-villas.fr\/fr\/rentals\/villa-olivia\/\">Poursuivre la lecture <span class=\"screen-reader-text\">Villa Olivia<\/span><\/a><\/p>\n","protected":false},"author":2,"featured_media":6988,"parent":0,"menu_order":0,"comment_status":"closed","ping_status":"closed","template":"elementor_header_footer","meta":{"_acf_changed":false,"footnotes":""},"class_list":["post-11104","page","type-page","status-publish","has-post-thumbnail","hentry","entry"],"acf":[],"yoast_head":"<!-- This site is optimized with the Yoast SEO plugin v24.5 - https:\/\/yoast.com\/wordpress\/plugins\/seo\/ -->\n<title>Location de villas pour le Festival de la Plaisance de Cannes - Monaco Villas.<\/title>\n<meta name=\"description\" content=\"D\u00e9couvrez vos prochaines villas \u00e0 louer pendant le Festival de la Plaisance de Cannes et louez des villas de luxe pour recevoir vos invit\u00e9s pendant le festival.\" \/>\n<meta name=\"robots\" content=\"index, follow, max-snippet:-1, max-image-preview:large, max-video-preview:-1\" \/>\n<link rel=\"canonical\" href=\"https:\/\/monaco-villas.fr\/fr\/festival-de-la-plaisance-de-cannes\/\" \/>\n<meta property=\"og:locale\" content=\"fr_FR\" \/>\n<meta property=\"og:type\" content=\"article\" \/>\n<meta property=\"og:title\" content=\"Location de villas pour le Festival de la Plaisance de Cannes - Monaco Villas.\" \/>\n<meta property=\"og:description\" content=\"D\u00e9couvrez vos prochaines villas \u00e0 louer pendant le Festival de la Plaisance de Cannes et louez des villas de luxe pour recevoir vos invit\u00e9s pendant le festival.\" \/>\n<meta property=\"og:url\" content=\"https:\/\/monaco-villas.fr\/fr\/festival-de-la-plaisance-de-cannes\/\" \/>\n<meta property=\"og:site_name\" content=\"Monaco Villas\" \/>\n<meta property=\"article:modified_time\" content=\"2023-12-03T20:25:15+00:00\" \/>\n<meta property=\"og:image\" content=\"https:\/\/monaco-villas.fr\/wp-content\/uploads\/2022\/02\/yachts-in-the-cannes-bay-at-night-2021-09-01-22-06-42-utc-scaled-e1644270605920.jpg\" \/>\n\t<meta property=\"og:image:width\" content=\"2090\" \/>\n\t<meta property=\"og:image:height\" content=\"1566\" \/>\n\t<meta property=\"og:image:type\" content=\"image\/jpeg\" \/>\n<meta name=\"twitter:card\" content=\"summary_large_image\" \/>\n<meta name=\"twitter:label1\" content=\"Dur\u00e9e de lecture estim\u00e9e\" \/>\n\t<meta name=\"twitter:data1\" content=\"2 minutes\" \/>\n<script type=\"application\/ld+json\" class=\"yoast-schema-graph\">{\"@context\":\"https:\/\/schema.org\",\"@graph\":[{\"@type\":\"WebPage\",\"@id\":\"https:\/\/monaco-villas.fr\/fr\/festival-de-la-plaisance-de-cannes\/\",\"url\":\"https:\/\/monaco-villas.fr\/fr\/festival-de-la-plaisance-de-cannes\/\",\"name\":\"Location de villas pour le Festival de la Plaisance de Cannes - Monaco Villas.\",\"isPartOf\":{\"@id\":\"https:\/\/monaco-villas.fr\/fr\/#website\"},\"primaryImageOfPage\":{\"@id\":\"https:\/\/monaco-villas.fr\/fr\/festival-de-la-plaisance-de-cannes\/#primaryimage\"},\"image\":{\"@id\":\"https:\/\/monaco-villas.fr\/fr\/festival-de-la-plaisance-de-cannes\/#primaryimage\"},\"thumbnailUrl\":\"https:\/\/monaco-villas.fr\/wp-content\/uploads\/2022\/02\/yachts-in-the-cannes-bay-at-night-2021-09-01-22-06-42-utc-scaled-e1644270605920.jpg\",\"datePublished\":\"2023-11-11T08:08:31+00:00\",\"dateModified\":\"2023-12-03T20:25:15+00:00\",\"description\":\"D\u00e9couvrez vos prochaines villas \u00e0 louer pendant le Festival de la Plaisance de Cannes et louez des villas de luxe pour recevoir vos invit\u00e9s pendant le festival.\",\"breadcrumb\":{\"@id\":\"https:\/\/monaco-villas.fr\/fr\/festival-de-la-plaisance-de-cannes\/#breadcrumb\"},\"inLanguage\":\"fr-FR\",\"potentialAction\":[{\"@type\":\"ReadAction\",\"target\":[\"https:\/\/monaco-villas.fr\/fr\/festival-de-la-plaisance-de-cannes\/\"]}]},{\"@type\":\"ImageObject\",\"inLanguage\":\"fr-FR\",\"@id\":\"https:\/\/monaco-villas.fr\/fr\/festival-de-la-plaisance-de-cannes\/#primaryimage\",\"url\":\"https:\/\/monaco-villas.fr\/wp-content\/uploads\/2022\/02\/yachts-in-the-cannes-bay-at-night-2021-09-01-22-06-42-utc-scaled-e1644270605920.jpg\",\"contentUrl\":\"https:\/\/monaco-villas.fr\/wp-content\/uploads\/2022\/02\/yachts-in-the-cannes-bay-at-night-2021-09-01-22-06-42-utc-scaled-e1644270605920.jpg\",\"width\":2090,\"height\":1566,\"caption\":\"Yachts in the cannes bay at night. Illuminated buildings\"},{\"@type\":\"BreadcrumbList\",\"@id\":\"https:\/\/monaco-villas.fr\/fr\/festival-de-la-plaisance-de-cannes\/#breadcrumb\",\"itemListElement\":[{\"@type\":\"ListItem\",\"position\":1,\"name\":\"Home\",\"item\":\"https:\/\/monaco-villas.fr\/fr\/\"},{\"@type\":\"ListItem\",\"position\":2,\"name\":\"Festival de la plaisance de Cannes\"}]},{\"@type\":\"WebSite\",\"@id\":\"https:\/\/monaco-villas.fr\/fr\/#website\",\"url\":\"https:\/\/monaco-villas.fr\/fr\/\",\"name\":\"Cannes Villas\",\"description\":\"Monaco Villas Rental\",\"publisher\":{\"@id\":\"https:\/\/monaco-villas.fr\/fr\/#organization\"},\"potentialAction\":[{\"@type\":\"SearchAction\",\"target\":{\"@type\":\"EntryPoint\",\"urlTemplate\":\"https:\/\/monaco-villas.fr\/fr\/?s={search_term_string}\"},\"query-input\":{\"@type\":\"PropertyValueSpecification\",\"valueRequired\":true,\"valueName\":\"search_term_string\"}}],\"inLanguage\":\"fr-FR\"},{\"@type\":\"Organization\",\"@id\":\"https:\/\/monaco-villas.fr\/fr\/#organization\",\"name\":\"Cannes Villas\",\"url\":\"https:\/\/monaco-villas.fr\/fr\/\",\"logo\":{\"@type\":\"ImageObject\",\"inLanguage\":\"fr-FR\",\"@id\":\"https:\/\/monaco-villas.fr\/fr\/#\/schema\/logo\/image\/\",\"url\":\"https:\/\/monaco-villas.fr\/wp-content\/uploads\/2022\/01\/Cannes-Villa-Logo.jpg\",\"contentUrl\":\"https:\/\/monaco-villas.fr\/wp-content\/uploads\/2022\/01\/Cannes-Villa-Logo.jpg\",\"width\":1704,\"height\":1704,\"caption\":\"Cannes Villas\"},\"image\":{\"@id\":\"https:\/\/monaco-villas.fr\/fr\/#\/schema\/logo\/image\/\"}}]}<\/script>\n<!-- \/ Yoast SEO plugin. -->","yoast_head_json":{"title":"Location de villas pour le Festival de la Plaisance de Cannes - Monaco Villas.","description":"D\u00e9couvrez vos prochaines villas \u00e0 louer pendant le Festival de la Plaisance de Cannes et louez des villas de luxe pour recevoir vos invit\u00e9s pendant le festival.","robots":{"index":"index","follow":"follow","max-snippet":"max-snippet:-1","max-image-preview":"max-image-preview:large","max-video-preview":"max-video-preview:-1"},"canonical":"https:\/\/monaco-villas.fr\/fr\/festival-de-la-plaisance-de-cannes\/","og_locale":"fr_FR","og_type":"article","og_title":"Location de villas pour le Festival de la Plaisance de Cannes - Monaco Villas.","og_description":"D\u00e9couvrez vos prochaines villas \u00e0 louer pendant le Festival de la Plaisance de Cannes et louez des villas de luxe pour recevoir vos invit\u00e9s pendant le festival.","og_url":"https:\/\/monaco-villas.fr\/fr\/festival-de-la-plaisance-de-cannes\/","og_site_name":"Monaco Villas","article_modified_time":"2023-12-03T20:25:15+00:00","og_image":[{"width":2090,"height":1566,"url":"https:\/\/monaco-villas.fr\/wp-content\/uploads\/2022\/02\/yachts-in-the-cannes-bay-at-night-2021-09-01-22-06-42-utc-scaled-e1644270605920.jpg","type":"image\/jpeg"}],"twitter_card":"summary_large_image","twitter_misc":{"Dur\u00e9e de lecture estim\u00e9e":"2 minutes"},"schema":{"@context":"https:\/\/schema.org","@graph":[{"@type":"WebPage","@id":"https:\/\/monaco-villas.fr\/fr\/festival-de-la-plaisance-de-cannes\/","url":"https:\/\/monaco-villas.fr\/fr\/festival-de-la-plaisance-de-cannes\/","name":"Location de villas pour le Festival de la Plaisance de Cannes - Monaco Villas.","isPartOf":{"@id":"https:\/\/monaco-villas.fr\/fr\/#website"},"primaryImageOfPage":{"@id":"https:\/\/monaco-villas.fr\/fr\/festival-de-la-plaisance-de-cannes\/#primaryimage"},"image":{"@id":"https:\/\/monaco-villas.fr\/fr\/festival-de-la-plaisance-de-cannes\/#primaryimage"},"thumbnailUrl":"https:\/\/monaco-villas.fr\/wp-content\/uploads\/2022\/02\/yachts-in-the-cannes-bay-at-night-2021-09-01-22-06-42-utc-scaled-e1644270605920.jpg","datePublished":"2023-11-11T08:08:31+00:00","dateModified":"2023-12-03T20:25:15+00:00","description":"D\u00e9couvrez vos prochaines villas \u00e0 louer pendant le Festival de la Plaisance de Cannes et louez des villas de luxe pour recevoir vos invit\u00e9s pendant le festival.","breadcrumb":{"@id":"https:\/\/monaco-villas.fr\/fr\/festival-de-la-plaisance-de-cannes\/#breadcrumb"},"inLanguage":"fr-FR","potentialAction":[{"@type":"ReadAction","target":["https:\/\/monaco-villas.fr\/fr\/festival-de-la-plaisance-de-cannes\/"]}]},{"@type":"ImageObject","inLanguage":"fr-FR","@id":"https:\/\/monaco-villas.fr\/fr\/festival-de-la-plaisance-de-cannes\/#primaryimage","url":"https:\/\/monaco-villas.fr\/wp-content\/uploads\/2022\/02\/yachts-in-the-cannes-bay-at-night-2021-09-01-22-06-42-utc-scaled-e1644270605920.jpg","contentUrl":"https:\/\/monaco-villas.fr\/wp-content\/uploads\/2022\/02\/yachts-in-the-cannes-bay-at-night-2021-09-01-22-06-42-utc-scaled-e1644270605920.jpg","width":2090,"height":1566,"caption":"Yachts in the cannes bay at night. Illuminated buildings"},{"@type":"BreadcrumbList","@id":"https:\/\/monaco-villas.fr\/fr\/festival-de-la-plaisance-de-cannes\/#breadcrumb","itemListElement":[{"@type":"ListItem","position":1,"name":"Home","item":"https:\/\/monaco-villas.fr\/fr\/"},{"@type":"ListItem","position":2,"name":"Festival de la plaisance de Cannes"}]},{"@type":"WebSite","@id":"https:\/\/monaco-villas.fr\/fr\/#website","url":"https:\/\/monaco-villas.fr\/fr\/","name":"Cannes Villas","description":"Monaco Villas Rental","publisher":{"@id":"https:\/\/monaco-villas.fr\/fr\/#organization"},"potentialAction":[{"@type":"SearchAction","target":{"@type":"EntryPoint","urlTemplate":"https:\/\/monaco-villas.fr\/fr\/?s={search_term_string}"},"query-input":{"@type":"PropertyValueSpecification","valueRequired":true,"valueName":"search_term_string"}}],"inLanguage":"fr-FR"},{"@type":"Organization","@id":"https:\/\/monaco-villas.fr\/fr\/#organization","name":"Cannes Villas","url":"https:\/\/monaco-villas.fr\/fr\/","logo":{"@type":"ImageObject","inLanguage":"fr-FR","@id":"https:\/\/monaco-villas.fr\/fr\/#\/schema\/logo\/image\/","url":"https:\/\/monaco-villas.fr\/wp-content\/uploads\/2022\/01\/Cannes-Villa-Logo.jpg","contentUrl":"https:\/\/monaco-villas.fr\/wp-content\/uploads\/2022\/01\/Cannes-Villa-Logo.jpg","width":1704,"height":1704,"caption":"Cannes Villas"},"image":{"@id":"https:\/\/monaco-villas.fr\/fr\/#\/schema\/logo\/image\/"}}]}},"distributor_meta":false,"distributor_terms":false,"distributor_media":false,"distributor_original_site_name":"Monaco Villas","distributor_original_site_url":"https:\/\/monaco-villas.fr\/fr\/","push-errors":false,"_links":{"self":[{"href":"https:\/\/monaco-villas.fr\/fr\/wp-json\/wp\/v2\/pages\/11104"}],"collection":[{"href":"https:\/\/monaco-villas.fr\/fr\/wp-json\/wp\/v2\/pages"}],"about":[{"href":"https:\/\/monaco-villas.fr\/fr\/wp-json\/wp\/v2\/types\/page"}],"author":[{"embeddable":true,"href":"https:\/\/monaco-villas.fr\/fr\/wp-json\/wp\/v2\/users\/2"}],"replies":[{"embeddable":true,"href":"https:\/\/monaco-villas.fr\/fr\/wp-json\/wp\/v2\/comments?post=11104"}],"version-history":[{"count":0,"href":"https:\/\/monaco-villas.fr\/fr\/wp-json\/wp\/v2\/pages\/11104\/revisions"}],"wp:featuredmedia":[{"embeddable":true,"href":"https:\/\/monaco-villas.fr\/fr\/wp-json\/wp\/v2\/media\/6988"}],"wp:attachment":[{"href":"https:\/\/monaco-villas.fr\/fr\/wp-json\/wp\/v2\/media?parent=11104"}],"curies":[{"name":"wp","href":"https:\/\/api.w.org\/{rel}","templated":true}]}}